{"id":7143,"date":"2016-07-20T09:01:18","date_gmt":"2016-07-20T07:01:18","guid":{"rendered":"http:\/\/almkullens.se\/?page_id=7143"},"modified":"2019-01-11T10:14:02","modified_gmt":"2019-01-11T09:14:02","slug":"ny-valp","status":"publish","type":"page","link":"https:\/\/almkullens.se\/?page_id=7143","title":{"rendered":"Ny valp?"},"content":{"rendered":"\n<h2 class=\"wp-block-heading\"><strong>T\u00e4nkv\u00e4rt av Anders Landin:<\/strong><\/h2>\n\n\n\n<p class=\"wp-block-paragraph\"><strong>V\u00e5r och valpar<br \/><\/strong>V\u00e5ren \u00e4r den tid som v\u00e4ldigt m\u00e5nga blir med hund. Antingen en valp som &nbsp;komplement till den eller de hundar som redan finns i huset eller kanske sin allra f\u00f6rsta hund. Oavsett om du har haft hund tidigare eller om det \u00e4r den f\u00f6rsta s\u00e5 t\u00e4nker jag komma med ett v\u00e4ldigt gott r\u00e5d.&nbsp; Ett r\u00e5d som jag i och f\u00f6r sig skrivit om m\u00e5nga g\u00e5nger tidigare men som inte kan upprepas f\u00f6r ofta. Efter alla \u00e5r med v\u00e4ldigt m\u00e5nga hundar och f\u00f6rare h\u00e4r p\u00e5 tr\u00e4ning \u00e4r jag hundra procent s\u00e4ker p\u00e5 att det \u00e4r det b\u00e4sta r\u00e5d jag kan ge \u2013 Se till att b\u00f6rja tr\u00e4ningen i tid!<span id=\"more-4222\"><\/span><\/p>\n\n\n\n<p class=\"wp-block-paragraph\"><strong>N\u00e4r \u00e4r det dags\u2026<\/strong><br \/>Jag tar det en g\u00e5ng till, se till att b\u00f6rja tr\u00e4ningen i tid och i tid \u00e4r n\u00e5gra f\u00e5 dagar efter du f\u00e5tt hem valpen. Du f\u00e5r god hj\u00e4lp av att l\u00e4sa min bok och se mina filmer och m\u00e5nga kommer l\u00e5ngt med det. Men k\u00e4nner du att det inte g\u00e5r bra med tr\u00e4ningen s\u00e5 se d\u00e5 till att f\u00e5 hj\u00e4lp och hj\u00e4lp p\u00e5 r\u00e4tt st\u00e4lle. Det \u00e4r ju st\u00e5ende f\u00e5gelhundar jag skriver om och med de raserna f\u00e5r du inte r\u00e4tt hj\u00e4lp p\u00e5 brukshundklubbar eller mer eller mindre nystartade hundskolor som tar emot alla raser och d\u00e4r instrukt\u00f6rerna inte har f\u00e5gelhundar sj\u00e4lva\u2026<\/p>\n\n\n\n<p class=\"wp-block-paragraph\">&nbsp;Du m\u00e5ste helt enkelt v\u00e4nda dig till n\u00e5gon som verkligen kan st\u00e5ende f\u00e5gelhundar, jobbat mycket med st\u00e5ende f\u00e5gelhundar och framf\u00f6r allt visat resultat med st\u00e5ende hundar. Se till att f\u00e5 referenser! Bra referenser \u00e4r inte bara att det var en \u201dtrevlig tr\u00e4ning\u201d, bra referenser \u00e4r att de som varit p\u00e5 tr\u00e4ning har en hund som fungerar p\u00e5 jakt och prov efter tr\u00e4ningen\u2026<\/p>\n\n\n\n<p class=\"wp-block-paragraph\"><strong>B\u00f6rjar du f\u00f6r sent kan det vara f\u00f6r sent\u2026<\/strong><br \/>Visst kan man l\u00e4ra gamla hundar sitta men med de drifter som v\u00e5ra st\u00e5ende f\u00e5gelhundar har kan det f\u00f6r m\u00e5nga f\u00f6rare vara v\u00e4ldigt sv\u00e5rt och f\u00f6r m\u00e5nga om\u00f6jligt att komma tillr\u00e4tta med en hund som f\u00e5tt h\u00e4rja fritt i markerna under det f\u00f6rsta \u00e5ret. Har hunden v\u00e4l l\u00e4rt sig att det \u00e4r kul att jaga efter det som flyger och springer och l\u00e4rt sig att skriken fr\u00e5n f\u00f6raren inte betyder det allra minsta, ja d\u00e5 har man skapat problem. Tro mig jag ser en hel del av dem h\u00e4r hos mig\u2026 Inte nog med att det \u00e4r betydligt sv\u00e5rare att f\u00e5 till hunden som f\u00e5tt g\u00f6ra fel fr\u00e5n b\u00f6rjan \u2013 det kr\u00e4vs ibland ganska h\u00e5rda tag och det \u00e4r inte s\u00e5 kul.<\/p>\n\n\n\n<p class=\"wp-block-paragraph\">V\u00e5r och sommar \u00e4r lika med lydnad och apporteringstr\u00e4ning<br \/>Den lydnad du beh\u00f6ver p\u00e5 din valp l\u00e4r du den l\u00e4tt och snabbt under sommaren och s\u00e4g inte att du inte har tid. Du g\u00e5r f\u00f6rhoppningsvis ut och rastar din valp n\u00e5gra g\u00e5nger om dagen och l\u00e4gger du ned ett par tre minuter p\u00e5 tr\u00e4ning av inkallning och stoppkommando under \u00e5tminstone ett par av de dagliga rastningsturerna lovar jag att du med gott samvete kan sl\u00e4ppa din hund f\u00e5r f\u00e5gel n\u00e4r det blir till\u00e5tet p\u00e5 h\u00f6sten och ocks\u00e5 veta att hunden stoppar n\u00e4r den f\u00e5r kommando stanna eller om du nu s\u00e4ger sitt. Ok \u2013 sj\u00e4lvklart m\u00e5ste du ha gjort r\u00e4tt n\u00e4r du tr\u00e4nar men du ser ju snart om det inte g\u00e5r bra och som jag skrev tidigare g\u00e5r det inte bra s\u00e5 s\u00f6k hj\u00e4lp. Det beh\u00f6ver inte vara en kurs, en eller ett par privatlektioner hos n\u00e5gon bra tr\u00e4nare r\u00e4cker l\u00e5ngt.<\/p>\n\n\n\n<p class=\"wp-block-paragraph\">&nbsp;<strong>Rapph\u00f6ns \u00e4r b\u00e4st och l\u00e4ttast<\/strong><br \/>Snart \u00e4r h\u00f6sten h\u00e4r igen och det roliga b\u00f6rjar. Helt klart \u00e4r det d\u00e5 b\u00e4st och framf\u00f6rallt l\u00e4ttast att l\u00e5ta den f\u00f6rsta tr\u00e4ningen p\u00e5 f\u00e5gel bli p\u00e5 rapph\u00f6ns. Jo, jag vet alla kan inte ha rapph\u00f6ns men det g\u00e5r faktiskt att kosta p\u00e5 sig ett par tr\u00e4ningstillf\u00e4lle hos n\u00e5gon som har rapph\u00f6ns. Inte heller \u00e4r det sv\u00e5rt eller dyrt att h\u00e5lla sig med n\u00e5gra h\u00f6ns sj\u00e4lv om man nu inte r\u00e5kar bo i storstan\u2026 Varf\u00f6r just rapph\u00f6ns? Jo, du kan se till att f\u00e5 situationer p\u00e5 n\u00e4ra h\u00e5ll med valpen\/unghunden, vad jag brukar kalla kontrollerade f\u00e5gelsituationer och du kan f\u00e5 m\u00e5nga situationer. Valpen l\u00e4r sig ganska snart hur n\u00e4ra den kan g\u00e5 f\u00e5glarna innan de tar till vingarna, den l\u00e4r sig ocks\u00e5 att hantera f\u00e5glar som l\u00f6per iv\u00e4g l\u00e4ngs marken.<\/p>\n\n\n\n<p class=\"wp-block-paragraph\">&nbsp;Du ser ocks\u00e5 snart vad du har f\u00f6r valp att jobba med \u2013 en valp med v\u00e4ldigt starka st\u00e5ndanlag eller kanske en valp med svaga st\u00e5ndanlag. Du vet ocks\u00e5 snart om du har en valp som g\u00e4rna vill f\u00f6rf\u00f6lja f\u00e5gel som l\u00f6per eller flyger iv\u00e4g eller en valp som inte har n\u00e5gra st\u00f6rre drifter att jaga efter vare sig det som flyger eller l\u00f6per undan. Vad du har f\u00f6r valp \u00e4r ju faktiskt helt avg\u00f6rande f\u00f6r hur du ska agera under den fortsatta tr\u00e4ningen p\u00e5 f\u00e5gel.<\/p>\n\n\n\n<p class=\"wp-block-paragraph\">I \u00e5r som alla andra \u00e5r har jag sett n\u00e5gra i \u00f6vrigt bra hundar men med mer eller mindre helt l\u00e5st avance d\u00e4r f\u00f6rarna b\u00f6rjat tr\u00e4ningen p\u00e5 fel s\u00e4tt genom att &nbsp;innan de har haft klart f\u00f6r sig hur starka st\u00e5ndanlag hunden har b\u00f6rjat l\u00e4ra hundarna att st\u00e5 f\u00f6r duvor i bur och skrika stanna s\u00e5 snart duvan sl\u00e4ppts fr\u00e5n buren. Som alltid \u2013 man m\u00e5ste veta vad man har f\u00f6r material att jobba med innan man b\u00f6rjar forma det.<\/p>\n\n\n\n<p class=\"wp-block-paragraph\">18 Maj, 2016<\/p>\n","protected":false},"excerpt":{"rendered":"<p>T\u00e4nkv\u00e4rt av Anders Landin: V\u00e5r och valparV\u00e5ren \u00e4r den tid som v\u00e4ldigt m\u00e5nga blir med hund. Antingen en valp som &nbsp;komplement till den eller de hundar som redan finns i huset eller kanske sin allra f\u00f6rsta hund. Oavsett om du har haft hund tidigare eller om det \u00e4r den f\u00f6rsta s\u00e5 t\u00e4nker jag komma med [&hellip;]<\/p>\n","protected":false},"author":1,"featured_media":0,"parent":0,"menu_order":0,"comment_status":"closed","ping_status":"closed","template":"","meta":{"_crdt_document":"","advgb_blocks_editor_width":"","advgb_blocks_columns_visual_guide":"","footnotes":""},"class_list":["post-7143","page","type-page","status-publish","hentry","entry"],"coauthors":[],"author_meta":{"author_link":"https:\/\/almkullens.se\/?author=1","display_name":"Peter &amp; Johanna"},"relative_dates":{"created":"Publicerad 10 \u00e5r sedan","modified":"Uppdaterad 7 \u00e5r sedan"},"absolute_dates":{"created":"Publicerat den 20 juli, 2016","modified":"Uppdaterad den 11 januari, 2019"},"absolute_dates_time":{"created":"Publicerat den 20 juli, 2016 09:01","modified":"Uppdaterad den 11 januari, 2019 10:14"},"featured_img_caption":"","featured_img":false,"series_order":"","jetpack_sharing_enabled":true,"_links":{"self":[{"href":"https:\/\/almkullens.se\/index.php?rest_route=\/wp\/v2\/pages\/7143","targetHints":{"allow":["GET"]}}],"collection":[{"href":"https:\/\/almkullens.se\/index.php?rest_route=\/wp\/v2\/pages"}],"about":[{"href":"https:\/\/almkullens.se\/index.php?rest_route=\/wp\/v2\/types\/page"}],"author":[{"embeddable":true,"href":"https:\/\/almkullens.se\/index.php?rest_route=\/wp\/v2\/users\/1"}],"replies":[{"embeddable":true,"href":"https:\/\/almkullens.se\/index.php?rest_route=%2Fwp%2Fv2%2Fcomments&post=7143"}],"version-history":[{"count":4,"href":"https:\/\/almkullens.se\/index.php?rest_route=\/wp\/v2\/pages\/7143\/revisions"}],"predecessor-version":[{"id":9195,"href":"https:\/\/almkullens.se\/index.php?rest_route=\/wp\/v2\/pages\/7143\/revisions\/9195"}],"wp:attachment":[{"href":"https:\/\/almkullens.se\/index.php?rest_route=%2Fwp%2Fv2%2Fmedia&parent=7143"}],"curies":[{"name":"wp","href":"https:\/\/api.w.org\/{rel}","templated":true}]}}