{"id":6846,"date":"2016-04-17T09:24:56","date_gmt":"2016-04-17T07:24:56","guid":{"rendered":"http:\/\/almkullens.se\/?page_id=6846"},"modified":"2022-05-26T12:36:29","modified_gmt":"2022-05-26T10:36:29","slug":"almkullens-gucci","status":"publish","type":"page","link":"https:\/\/almkullens.se\/?page_id=6846","title":{"rendered":"Almkullens Gucci"},"content":{"rendered":"<div class=\"wp-block-image\">\n<figure class=\"alignright is-resized\"><a href=\"https:\/\/almkullens.se\/wp-content\/uploads\/2016\/09\/923.jpg\" rel=\"lightbox[6846]\"><img loading=\"lazy\" decoding=\"async\" src=\"https:\/\/almkullens.se\/wp-content\/uploads\/2016\/09\/923-1024x768.jpg\" alt=\"\" class=\"wp-image-7296\" width=\"522\" height=\"392\" srcset=\"https:\/\/almkullens.se\/wp-content\/uploads\/2016\/09\/923-1024x768.jpg 1024w, https:\/\/almkullens.se\/wp-content\/uploads\/2016\/09\/923-300x225.jpg 300w, https:\/\/almkullens.se\/wp-content\/uploads\/2016\/09\/923-768x576.jpg 768w, https:\/\/almkullens.se\/wp-content\/uploads\/2016\/09\/923.jpg 1800w\" sizes=\"auto, (max-width: 522px) 100vw, 522px\" \/><\/a><figcaption><a href=\"https:\/\/almkullens.se\/wp-content\/uploads\/2016\/09\/923.jpg\" rel=\"lightbox[6846]\"><\/a> Almkullens Gucci \u00c4g: Magnus Lindgren<\/figcaption><\/figure>\n<\/div>\n\n\n<p class=\"has-white-background-color has-background wp-block-paragraph\"><strong>Almkullens Gucci<\/strong> SE18511\/2016<br \/><strong>Far<\/strong>: H\u00e9rak de la Plaine Marat<br \/><strong>Mor<\/strong>: Almkullens Aska<br \/><strong>HD<\/strong>: B\/C<br \/><strong>HQ<\/strong>: 0,97<br \/><strong>F\u00f6dd<\/strong>:&nbsp;9\/2 2016<br \/><strong>F\u00e4rg<\/strong>: Svart Tricolor<br \/><strong>Svans<\/strong>: L\u00e5ng svans<br \/><strong>Jaktprov<\/strong>:<br \/>Fj\u00e4ll:     2 \u00f6kl<br \/><strong>Utst\u00e4llning<\/strong>:<br \/>Valpkl 6-9 m\u00e5n: 1 HP Bim valp<\/p>\n\n\n<div class=\"wp-block-image\">\n<figure class=\"alignleft is-resized\"><a href=\"https:\/\/almkullens.se\/wp-content\/uploads\/2016\/08\/229.jpg\" rel=\"lightbox[6846]\"><img loading=\"lazy\" decoding=\"async\" src=\"https:\/\/almkullens.se\/wp-content\/uploads\/2016\/08\/229-1024x768.jpg\" alt=\"\" class=\"wp-image-7229\" width=\"447\" height=\"336\" srcset=\"https:\/\/almkullens.se\/wp-content\/uploads\/2016\/08\/229-1024x768.jpg 1024w, https:\/\/almkullens.se\/wp-content\/uploads\/2016\/08\/229-300x225.jpg 300w, https:\/\/almkullens.se\/wp-content\/uploads\/2016\/08\/229-768x576.jpg 768w, https:\/\/almkullens.se\/wp-content\/uploads\/2016\/08\/229.jpg 1800w\" sizes=\"auto, (max-width: 447px) 100vw, 447px\" \/><\/a><figcaption><a href=\"https:\/\/almkullens.se\/wp-content\/uploads\/2016\/08\/229.jpg\" rel=\"lightbox[6846]\"><\/a> och reser<\/figcaption><\/figure>\n<\/div>\n\n\n<p class=\"has-white-background-color has-background wp-block-paragraph\"><br \/>Gucci\u00a0har blivit s\u00e5ld som 2-\u00e5ring till Magnus Lindgren i Ume\u00e5 pga. att hon har en C-h\u00f6ft.<br \/>Gucci \u00e4r en grymt stabil och vacker hund som \u00e4lskar att apportera, dock f\u00e5r man vara med i sv\u00e4ngarna och g\u00e4rna ha ett &#8221;finger i \u00f6gat&#8221; p\u00e5 henne d\u00e5 hon ocks\u00e5 \u00e4r duktig p\u00e5 att hitta p\u00e5 grejer sj\u00e4lv&#8230;<\/p>\n\n\n<div class=\"wp-block-image\">\n<figure class=\"alignright is-resized\"><a href=\"https:\/\/youtu.be\/howRCseQSQY\"><img loading=\"lazy\" decoding=\"async\" src=\"https:\/\/almkullens.se\/wp-content\/uploads\/2016\/06\/Gucci-150x150.png\" alt=\"Gucci\" class=\"wp-image-6986\" width=\"171\" height=\"171\"\/><\/a><\/figure>\n<\/div>\n\n\n<p class=\"has-white-background-color has-background wp-block-paragraph\">En liten film n\u00e4r Gucci h\u00e4mtar&nbsp;en dummies i dammen hon \u00e4r h\u00e4r n\u00e4stan 4 m\u00e5n.<\/p>\n\n\n\n<p class=\"has-white-background-color has-background wp-block-paragraph\">Galleri:&nbsp;<a href=\"https:\/\/almkullens.se\/?page_id=7306\">Almkullens Gucci<\/a><\/p>\n\n\n\n<p class=\"has-white-background-color has-background wp-block-paragraph\">Guccis stamtavla:<\/p>\n\n\n<div class=\"wp-block-image\">\n<figure class=\"aligncenter\"><a href=\"https:\/\/almkullens.se\/wp-content\/uploads\/2010\/07\/Stamtavla-G-kullen.png\"  rel=\"lightbox[6846] attachment wp-att-6096\"><img loading=\"lazy\" decoding=\"async\" width=\"747\" height=\"526\" src=\"https:\/\/almkullens.se\/wp-content\/uploads\/2010\/07\/Stamtavla-G-kullen.png\" alt=\"Stamtavla G-kullen\" class=\"wp-image-6096\" srcset=\"https:\/\/almkullens.se\/wp-content\/uploads\/2010\/07\/Stamtavla-G-kullen.png 747w, https:\/\/almkullens.se\/wp-content\/uploads\/2010\/07\/Stamtavla-G-kullen-300x211.png 300w\" sizes=\"auto, (max-width: 747px) 100vw, 747px\" \/><\/a><\/figure>\n<\/div>","protected":false},"excerpt":{"rendered":"<p>Almkullens Gucci SE18511\/2016Far: H\u00e9rak de la Plaine MaratMor: Almkullens AskaHD: B\/CHQ: 0,97F\u00f6dd:&nbsp;9\/2 2016F\u00e4rg: Svart TricolorSvans: L\u00e5ng svansJaktprov:Fj\u00e4ll: 2 \u00f6klUtst\u00e4llning:Valpkl 6-9 m\u00e5n: 1 HP Bim valp Gucci\u00a0har blivit s\u00e5ld som 2-\u00e5ring till Magnus Lindgren i Ume\u00e5 pga. att hon har en C-h\u00f6ft.Gucci \u00e4r en grymt stabil och vacker hund som \u00e4lskar att apportera, dock f\u00e5r man [&hellip;]<\/p>\n","protected":false},"author":1,"featured_media":0,"parent":0,"menu_order":0,"comment_status":"closed","ping_status":"closed","template":"","meta":{"_crdt_document":"","advgb_blocks_editor_width":"","advgb_blocks_columns_visual_guide":"","footnotes":""},"class_list":["post-6846","page","type-page","status-publish","hentry","entry"],"coauthors":[],"author_meta":{"author_link":"https:\/\/almkullens.se\/?author=1","display_name":"Peter &amp; Johanna"},"relative_dates":{"created":"Publicerad 10 \u00e5r sedan","modified":"Uppdaterad 4 \u00e5r sedan"},"absolute_dates":{"created":"Publicerat den 17 april, 2016","modified":"Uppdaterad den 26 maj, 2022"},"absolute_dates_time":{"created":"Publicerat den 17 april, 2016 09:24","modified":"Uppdaterad den 26 maj, 2022 12:36"},"featured_img_caption":"","featured_img":false,"series_order":"","jetpack_sharing_enabled":true,"_links":{"self":[{"href":"https:\/\/almkullens.se\/index.php?rest_route=\/wp\/v2\/pages\/6846","targetHints":{"allow":["GET"]}}],"collection":[{"href":"https:\/\/almkullens.se\/index.php?rest_route=\/wp\/v2\/pages"}],"about":[{"href":"https:\/\/almkullens.se\/index.php?rest_route=\/wp\/v2\/types\/page"}],"author":[{"embeddable":true,"href":"https:\/\/almkullens.se\/index.php?rest_route=\/wp\/v2\/users\/1"}],"replies":[{"embeddable":true,"href":"https:\/\/almkullens.se\/index.php?rest_route=%2Fwp%2Fv2%2Fcomments&post=6846"}],"version-history":[{"count":12,"href":"https:\/\/almkullens.se\/index.php?rest_route=\/wp\/v2\/pages\/6846\/revisions"}],"predecessor-version":[{"id":11331,"href":"https:\/\/almkullens.se\/index.php?rest_route=\/wp\/v2\/pages\/6846\/revisions\/11331"}],"wp:attachment":[{"href":"https:\/\/almkullens.se\/index.php?rest_route=%2Fwp%2Fv2%2Fmedia&parent=6846"}],"curies":[{"name":"wp","href":"https:\/\/api.w.org\/{rel}","templated":true}]}}