{"id":5732,"date":"2015-08-04T12:31:05","date_gmt":"2015-08-04T10:31:05","guid":{"rendered":"http:\/\/almkullens.se\/?page_id=5732"},"modified":"2022-10-16T06:27:55","modified_gmt":"2022-10-16T04:27:55","slug":"almkullens-fia","status":"publish","type":"page","link":"https:\/\/almkullens.se\/?page_id=5732","title":{"rendered":"J SE UCH Almkullens Fia"},"content":{"rendered":"\n<div class=\"wp-block-media-text alignwide has-media-on-the-right is-stacked-on-mobile advgb-dyn-7b2afa5f\"><div class=\"wp-block-media-text__content\">\n<p class=\"has-black-color has-white-background-color has-text-color has-background wp-block-paragraph\"><strong>Almkullens Fia<\/strong> SE29341\/2015<br \/><strong>Far:<\/strong> Bob Des Landes Du Pech<br \/><strong>Mor:<\/strong> P\u00e5lamalmens Elva<br \/><strong>F\u00f6dd:<\/strong> 2\/4 2015<br \/><strong>HD:<\/strong> B<br \/><strong>HQ:<\/strong> 0,98<br \/><strong>F\u00e4rg:<\/strong> Vit &amp; Orange<br \/><strong>Svans:<\/strong> L\u00e5ng svans<br \/><strong>Mankh\u00f6jd:<\/strong> ca 48,5<br \/><strong>Jaktprov:<\/strong><br \/>\u00a0\u00a0F\u00e4lt: \u00a0 \u00a0 \u00a0 \u00a01:a Ukl i Danmark<br \/>\u00a0 \u00a0 \u00a0 \u00a0 \u00a0 \u00a0 \u00a0 \u00a0 \u00a0 \u00a02:a Ukl<br \/>\u00a0 \u00a0 \u00a0 \u00a0 \u00a0 \u00a0 \u00a0 \u00a0 \u00a0 \u00a01:a Ukl<br \/>\u00a0 \u00a0 \u00a0 \u00a0 \u00a0 \u00a0 \u00a0 \u00a0 \u00a0 \u00a01:a \u00d6kl<br \/>\u00a0 \u00a0 \u00a0 \u00a0 \u00a0 \u00a0 \u00a0 \u00a0 \u00a0 \u00a01:a HP Ukl<br \/>\u00a0 \u00a0 \u00a0 \u00a0 \u00a0 \u00a0 \u00a0 \u00a0 \u00a0 \u00a01:a Ukl<br \/>Fj\u00e4ll 2019: 2:a Ekl<br \/>F\u00e4lt 2020:\u00a02:a Ekl<br \/>\u00a0 \u00a0 \u00a0 \u00a0 \u00a0 \u00a0 \u00a0  \u00a0 \u00a0 \u00a03:a Ekl<br \/>\u00a0 \u00a0 \u00a0 \u00a0 \u00a0 \u00a0 \u00a0  \u00a0 \u00a0 \u00a01:a Ekl<br \/>F\u00e4lt 2021: 1:a Ekl reserv CACIT<br \/>F\u00e4lt 2022: 2:a Ekl<br \/>\u00c5rets Breton Unghund &#8211; 2016<br \/>Efters\u00f6ksprov: Ukl vatten: 10 po\u00e4ng<br \/><strong>Utst\u00e4llning:<\/strong> SE UCH<br \/>\u00a0\u00a0Valpkl 4-6 m\u00e5n: 1 HP BIS\u00a0valp 2<br \/>\u00a0\u00a0Jaktkl: \u00a0 \u00a0 \u00a0Excellent 3xCERT Bir Bis 3<\/p>\n<\/div><figure class=\"wp-block-media-text__media\"><a href=\"https:\/\/almkullens.se\/wp-content\/uploads\/2016\/06\/784.jpg\" rel=\"lightbox[5732]\"><img loading=\"lazy\" decoding=\"async\" width=\"1024\" height=\"768\" src=\"https:\/\/almkullens.se\/wp-content\/uploads\/2016\/06\/784-1024x768.jpg\" alt=\"\" class=\"wp-image-6999 size-full\" srcset=\"https:\/\/almkullens.se\/wp-content\/uploads\/2016\/06\/784-1024x768.jpg 1024w, https:\/\/almkullens.se\/wp-content\/uploads\/2016\/06\/784-300x225.jpg 300w, https:\/\/almkullens.se\/wp-content\/uploads\/2016\/06\/784-768x576.jpg 768w, https:\/\/almkullens.se\/wp-content\/uploads\/2016\/06\/784.jpg 1800w\" sizes=\"auto, (max-width: 1024px) 100vw, 1024px\" \/><\/a><\/figure><\/div>\n\n\n<div class=\"wp-block-image\">\n<figure class=\"alignleft\"><a href=\"https:\/\/almkullens.se\/wp-content\/uploads\/2016\/06\/049.jpg\"  rel=\"lightbox[5732] attachment wp-att-6852\"><img loading=\"lazy\" decoding=\"async\" width=\"300\" height=\"200\" src=\"https:\/\/almkullens.se\/wp-content\/uploads\/2016\/06\/049-300x200.jpg\" alt=\"\" class=\"wp-image-6995\" srcset=\"https:\/\/almkullens.se\/wp-content\/uploads\/2016\/06\/049-300x200.jpg 300w, https:\/\/almkullens.se\/wp-content\/uploads\/2016\/06\/049-768x512.jpg 768w, https:\/\/almkullens.se\/wp-content\/uploads\/2016\/06\/049-1024x683.jpg 1024w, https:\/\/almkullens.se\/wp-content\/uploads\/2016\/06\/049.jpg 1800w\" sizes=\"auto, (max-width: 300px) 100vw, 300px\" \/><\/a><\/figure>\n<\/div>\n\n\n<p class=\"wp-block-paragraph\"><span style=\"color: #000000;\"><\/span><\/p>\n\n\n<div class=\"wp-block-image\">\n<figure class=\"alignright is-resized\"><a href=\"https:\/\/almkullens.se\/wp-content\/uploads\/2016\/09\/994.jpg\" rel=\"lightbox[5732]\"><img loading=\"lazy\" decoding=\"async\" src=\"https:\/\/almkullens.se\/wp-content\/uploads\/2016\/09\/994-300x200.jpg\" alt=\"Almkullens Fia\" class=\"wp-image-7334\" width=\"378\" height=\"252\" srcset=\"https:\/\/almkullens.se\/wp-content\/uploads\/2016\/09\/994-300x200.jpg 300w, https:\/\/almkullens.se\/wp-content\/uploads\/2016\/09\/994-768x512.jpg 768w, https:\/\/almkullens.se\/wp-content\/uploads\/2016\/09\/994-1024x683.jpg 1024w, https:\/\/almkullens.se\/wp-content\/uploads\/2016\/09\/994.jpg 1800w\" sizes=\"auto, (max-width: 378px) 100vw, 378px\" \/><\/a><\/figure>\n<\/div>\n\n\n<p class=\"has-white-background-color has-background wp-block-paragraph\"><span style=\"color: #000000;\">Fia \u00e4r en mysig och trevlig hund med mycket energi! Hon har en fantastisk reviering och s\u00f6ker med mycket h\u00f6g fart utan att mattas, hon s\u00f6ker oftast med en god kontakt med Peter. Hon \u00e4r i sitt s\u00e4tt mycket lik sin mamma Elva.<br \/><a href=\"https:\/\/almkullens.se\/wp-content\/uploads\/2017\/12\/Jaktprovskritik-Almkullens-Fia..pdf\">Jaktprovskritik Fia<\/a> <br \/>Galleri: <a href=\"https:\/\/almkullens.se\/?page_id=5560\">Almkullens Fia<\/a><\/span><br \/><br \/>Fias stamtavla:&nbsp; <\/p>\n\n\n<div class=\"wp-block-image\">\n<figure class=\"aligncenter\"><a href=\"https:\/\/almkullens.se\/wp-content\/uploads\/2010\/07\/Stamtavla-Elva-Bob-valp.jpg\" rel=\"lightbox[5732]\"><img loading=\"lazy\" decoding=\"async\" width=\"638\" height=\"655\" src=\"https:\/\/almkullens.se\/wp-content\/uploads\/2010\/07\/Stamtavla-Elva-Bob-valp.jpg\" alt=\"Stamtavla Elva-Bob valp\" class=\"wp-image-4550\" srcset=\"https:\/\/almkullens.se\/wp-content\/uploads\/2010\/07\/Stamtavla-Elva-Bob-valp.jpg 638w, https:\/\/almkullens.se\/wp-content\/uploads\/2010\/07\/Stamtavla-Elva-Bob-valp-292x300.jpg 292w\" sizes=\"auto, (max-width: 638px) 100vw, 638px\" \/><\/a><\/figure>\n<\/div>\n\n\n<p class=\"wp-block-paragraph\"><br \/><\/p>\n","protected":false},"excerpt":{"rendered":"<p>Almkullens Fia SE29341\/2015Far: Bob Des Landes Du PechMor: P\u00e5lamalmens ElvaF\u00f6dd: 2\/4 2015HD: BHQ: 0,98F\u00e4rg: Vit &amp; OrangeSvans: L\u00e5ng svansMankh\u00f6jd: ca 48,5Jaktprov:\u00a0\u00a0F\u00e4lt: \u00a0 \u00a0 \u00a0 \u00a01:a Ukl i Danmark\u00a0 \u00a0 \u00a0 \u00a0 \u00a0 \u00a0 \u00a0 \u00a0 \u00a0 \u00a02:a Ukl\u00a0 \u00a0 \u00a0 \u00a0 \u00a0 \u00a0 \u00a0 \u00a0 \u00a0 \u00a01:a Ukl\u00a0 \u00a0 \u00a0 \u00a0 \u00a0 \u00a0 \u00a0 \u00a0 [&hellip;]<\/p>\n","protected":false},"author":1,"featured_media":0,"parent":0,"menu_order":0,"comment_status":"open","ping_status":"open","template":"","meta":{"_crdt_document":"","advgb_blocks_editor_width":"","advgb_blocks_columns_visual_guide":"","footnotes":""},"class_list":["post-5732","page","type-page","status-publish","hentry","entry"],"coauthors":[],"author_meta":{"author_link":"https:\/\/almkullens.se\/?author=1","display_name":"Peter &amp; Johanna"},"relative_dates":{"created":"Publicerad 11 \u00e5r sedan","modified":"Uppdaterad 4 \u00e5r sedan"},"absolute_dates":{"created":"Publicerat den 4 augusti, 2015","modified":"Uppdaterad den 16 oktober, 2022"},"absolute_dates_time":{"created":"Publicerat den 4 augusti, 2015 12:31","modified":"Uppdaterad den 16 oktober, 2022 06:27"},"featured_img_caption":"","featured_img":false,"series_order":"","jetpack_sharing_enabled":true,"_links":{"self":[{"href":"https:\/\/almkullens.se\/index.php?rest_route=\/wp\/v2\/pages\/5732","targetHints":{"allow":["GET"]}}],"collection":[{"href":"https:\/\/almkullens.se\/index.php?rest_route=\/wp\/v2\/pages"}],"about":[{"href":"https:\/\/almkullens.se\/index.php?rest_route=\/wp\/v2\/types\/page"}],"author":[{"embeddable":true,"href":"https:\/\/almkullens.se\/index.php?rest_route=\/wp\/v2\/users\/1"}],"replies":[{"embeddable":true,"href":"https:\/\/almkullens.se\/index.php?rest_route=%2Fwp%2Fv2%2Fcomments&post=5732"}],"version-history":[{"count":29,"href":"https:\/\/almkullens.se\/index.php?rest_route=\/wp\/v2\/pages\/5732\/revisions"}],"predecessor-version":[{"id":11902,"href":"https:\/\/almkullens.se\/index.php?rest_route=\/wp\/v2\/pages\/5732\/revisions\/11902"}],"wp:attachment":[{"href":"https:\/\/almkullens.se\/index.php?rest_route=%2Fwp%2Fv2%2Fmedia&parent=5732"}],"curies":[{"name":"wp","href":"https:\/\/api.w.org\/{rel}","templated":true}]}}