{"id":4782,"date":"2014-12-20T17:46:58","date_gmt":"2014-12-20T16:46:58","guid":{"rendered":"http:\/\/almkullens.se\/?page_id=4782"},"modified":"2019-03-16T07:58:35","modified_gmt":"2019-03-16T06:58:35","slug":"halsa","status":"publish","type":"page","link":"https:\/\/almkullens.se\/?page_id=4782","title":{"rendered":"H\u00e4lsa\/HD"},"content":{"rendered":"\n<p class=\"wp-block-paragraph\">2019-03-15<\/p>\n\n\n\n<p class=\"has-drop-cap wp-block-paragraph\">Jag har funderat p\u00e5 hur mycket&nbsp;det l\u00f6nar sig att para med bra h\u00f6fter. Det g\u00f6r det!<br \/>I snitt \u00e4r det 59% av avkommorna efter f\u00f6r\u00e4ldradjur med godk\u00e4nda h\u00f6fter (A\/B) som ocks\u00e5 f\u00e5r godk\u00e4nda h\u00f6fter (A\/B)<br \/>Om man anv\u00e4nder hundar d\u00e4r en av f\u00f6r\u00e4ldradjuren har HD C s\u00e5 f\u00e5r endast 44% av avkommorna godk\u00e4nda h\u00f6fter.<br \/>Nedan har jag satt ihop statistik fr\u00e5n&nbsp;olika f\u00f6r\u00e4ldrakombinationer. <br \/>Jag har lagt in alla svenska kullar mellan \u00e5ren 2010-2018.  Jag har \u00e4ven f\u00f6rs\u00f6kt att f\u00e5 med de valpar som blivit s\u00e5lda till utlandet t.ex. Norge eller Finland. <br \/><br \/><\/p>\n\n\n\n<table class=\"wp-block-table aligncenter has-subtle-pale-green-background-color has-background is-style-stripes\"><tbody><tr><td>Kombina<br \/>tioner<br \/>2010-<br \/>2018<\/td><td>Antal<br \/>valpar<\/td><td>Antal<br \/>r\u00f6nt<br \/>gade<\/td><td>A<\/td><td>B<\/td><td>C<\/td><td>D<\/td><td>E<\/td><td>Antal<br \/>kullar<\/td><td>% <br \/>avkomma<br \/>med\u00a0 <br \/>godk\u00e4nda<br \/>h\u00f6fter A\/B<\/td><td>%<br \/>R\u00f6ntgade<br \/><\/td><\/tr><tr><td>A\/A<\/td><td>141<\/td><td>68<\/td><td>20<\/td><td>18<\/td><td>26<\/td><td>4<\/td><td>0  <\/td><td>24<\/td><td>56%<\/td><td>48%<\/td><\/tr><tr><td>A\/B<\/td><td>285<\/td><td>151<\/td><td>43<\/td><td>51<\/td><td>43<\/td><td>12<\/td><td>2<\/td><td>51<\/td><td>62%<\/td><td>53%<\/td><\/tr><tr><td>B\/B<\/td><td>135<\/td><td>64<\/td><td>16<\/td><td>19<\/td><td>25<\/td><td>4<\/td><td>0<\/td><td>25<\/td><td>55%<\/td><td>47%<\/td><\/tr><tr><td>C\/A<\/td><td>60<\/td><td>16<\/td><td>2<\/td><td>5<\/td><td>8<\/td><td>1<\/td><td>0<\/td><td>9<\/td><td>44%<\/td><td>27%<\/td><\/tr><tr><td>C\/B<\/td><td>11<\/td><td>9<\/td><td>2<\/td><td>2<\/td><td>1<\/td><td>4<\/td><td>0<\/td><td>2<\/td><td>44%<\/td><td>82%<\/td><\/tr><tr><td>D\/A<\/td><td>7<\/td><td>0<\/td><td>0<\/td><td>0<\/td><td>0<\/td><td>0<\/td><td>0<\/td><td>1<\/td><td>0%<\/td><td>0%<\/td><\/tr><\/tbody><\/table>\n\n\n\n<table class=\"wp-block-table alignleft has-subtle-pale-pink-background-color has-background\"><tbody><tr><td>Diagnos 2018<\/td><td> Antal<\/td><\/tr><tr><td>HD grad A<\/td><td>11<\/td><\/tr><tr><td>HD grad B<\/td><td>15<\/td><\/tr><tr><td>HD grad C<\/td><td>29<\/td><\/tr><tr><td>HD grad D<\/td><td>2<\/td><\/tr><\/tbody><\/table>\n\n\n\n<p class=\"wp-block-paragraph\"> Jag m\u00e5ste nog ocks\u00e5 s\u00e4ga att skillnaderna mellan godk\u00e4nda kombinationer (A\/A\/B\/B) och kombinationer d\u00e4r en av f\u00f6r\u00e4ldradjuren har HD C har minskat, en av anledningarna kan vara SKK mycket str\u00e4nga avl\u00e4sningar, se exempel fr\u00e5n \u00e5r 2018 d\u00e4r man kan se att endast 26 bretoner som r\u00f6ntgades i fjol fick godk\u00e4nda h\u00f6fter medan hela 31 fick C eller s\u00e4mre&#8230;  <\/p>\n","protected":false},"excerpt":{"rendered":"<p>2019-03-15 Jag har funderat p\u00e5 hur mycket&nbsp;det l\u00f6nar sig att para med bra h\u00f6fter. Det g\u00f6r det!I snitt \u00e4r det 59% av avkommorna efter f\u00f6r\u00e4ldradjur med godk\u00e4nda h\u00f6fter (A\/B) som ocks\u00e5 f\u00e5r godk\u00e4nda h\u00f6fter (A\/B)Om man anv\u00e4nder hundar d\u00e4r en av f\u00f6r\u00e4ldradjuren har HD C s\u00e5 f\u00e5r endast 44% av avkommorna godk\u00e4nda h\u00f6fter.Nedan har jag [&hellip;]<\/p>\n","protected":false},"author":1,"featured_media":0,"parent":4780,"menu_order":0,"comment_status":"closed","ping_status":"closed","template":"onecolumn-page.php","meta":{"_crdt_document":"","advgb_blocks_editor_width":"","advgb_blocks_columns_visual_guide":"","footnotes":""},"class_list":["post-4782","page","type-page","status-publish","hentry","entry"],"coauthors":[],"author_meta":{"author_link":"https:\/\/almkullens.se\/?author=1","display_name":"Peter &amp; Johanna"},"relative_dates":{"created":"Publicerad 11 \u00e5r sedan","modified":"Uppdaterad 7 \u00e5r sedan"},"absolute_dates":{"created":"Publicerat den 20 december, 2014","modified":"Uppdaterad den 16 mars, 2019"},"absolute_dates_time":{"created":"Publicerat den 20 december, 2014 17:46","modified":"Uppdaterad den 16 mars, 2019 07:58"},"featured_img_caption":"","featured_img":false,"series_order":"","jetpack_sharing_enabled":true,"_links":{"self":[{"href":"https:\/\/almkullens.se\/index.php?rest_route=\/wp\/v2\/pages\/4782","targetHints":{"allow":["GET"]}}],"collection":[{"href":"https:\/\/almkullens.se\/index.php?rest_route=\/wp\/v2\/pages"}],"about":[{"href":"https:\/\/almkullens.se\/index.php?rest_route=\/wp\/v2\/types\/page"}],"author":[{"embeddable":true,"href":"https:\/\/almkullens.se\/index.php?rest_route=\/wp\/v2\/users\/1"}],"replies":[{"embeddable":true,"href":"https:\/\/almkullens.se\/index.php?rest_route=%2Fwp%2Fv2%2Fcomments&post=4782"}],"version-history":[{"count":15,"href":"https:\/\/almkullens.se\/index.php?rest_route=\/wp\/v2\/pages\/4782\/revisions"}],"predecessor-version":[{"id":9486,"href":"https:\/\/almkullens.se\/index.php?rest_route=\/wp\/v2\/pages\/4782\/revisions\/9486"}],"up":[{"embeddable":true,"href":"https:\/\/almkullens.se\/index.php?rest_route=\/wp\/v2\/pages\/4780"}],"wp:attachment":[{"href":"https:\/\/almkullens.se\/index.php?rest_route=%2Fwp%2Fv2%2Fmedia&parent=4782"}],"curies":[{"name":"wp","href":"https:\/\/api.w.org\/{rel}","templated":true}]}}