{"id":4773,"date":"2014-12-09T10:36:05","date_gmt":"2014-12-09T09:36:05","guid":{"rendered":"http:\/\/almkullens.se\/?page_id=4773"},"modified":"2017-11-19T10:29:57","modified_gmt":"2017-11-19T09:29:57","slug":"galleri","status":"publish","type":"page","link":"https:\/\/almkullens.se\/?page_id=4773","title":{"rendered":"Galleri"},"content":{"rendered":"<ul>\n<li><a href=\"https:\/\/almkullens.se\/?page_id=5888\">Bretongalleri A-\u00d6<\/a><\/li>\n<li><a href=\"https:\/\/almkullens.se\/?page_id=8271\">Mina b\u00e4sta bilder<\/a><\/li>\n<li><a href=\"https:\/\/almkullens.se\/?page_id=4613\">Galleri: V\u00e5ra hundar<\/a><\/li>\n<li><a href=\"https:\/\/almkullens.se\/?page_id=4721\">Vinter<\/a><\/li>\n<li><a href=\"https:\/\/almkullens.se\/?page_id=6491\">Apportering<\/a><\/li>\n<\/ul>\n","protected":false},"excerpt":{"rendered":"<p>Bretongalleri A-\u00d6 Mina b\u00e4sta bilder Galleri: V\u00e5ra hundar Vinter Apportering<\/p>\n","protected":false},"author":1,"featured_media":0,"parent":0,"menu_order":0,"comment_status":"open","ping_status":"open","template":"","meta":{"_crdt_document":"","advgb_blocks_editor_width":"","advgb_blocks_columns_visual_guide":"","footnotes":""},"class_list":["post-4773","page","type-page","status-publish","hentry","entry"],"coauthors":[],"author_meta":{"author_link":"https:\/\/almkullens.se\/?author=1","display_name":"Peter &amp; Johanna"},"relative_dates":{"created":"Publicerad 11 \u00e5r sedan","modified":"Uppdaterad 8 \u00e5r sedan"},"absolute_dates":{"created":"Publicerat den 9 december, 2014","modified":"Uppdaterad den 19 november, 2017"},"absolute_dates_time":{"created":"Publicerat den 9 december, 2014 10:36","modified":"Uppdaterad den 19 november, 2017 10:29"},"featured_img_caption":"","featured_img":false,"series_order":"","jetpack_sharing_enabled":true,"_links":{"self":[{"href":"https:\/\/almkullens.se\/index.php?rest_route=\/wp\/v2\/pages\/4773","targetHints":{"allow":["GET"]}}],"collection":[{"href":"https:\/\/almkullens.se\/index.php?rest_route=\/wp\/v2\/pages"}],"about":[{"href":"https:\/\/almkullens.se\/index.php?rest_route=\/wp\/v2\/types\/page"}],"author":[{"embeddable":true,"href":"https:\/\/almkullens.se\/index.php?rest_route=\/wp\/v2\/users\/1"}],"replies":[{"embeddable":true,"href":"https:\/\/almkullens.se\/index.php?rest_route=%2Fwp%2Fv2%2Fcomments&post=4773"}],"version-history":[{"count":5,"href":"https:\/\/almkullens.se\/index.php?rest_route=\/wp\/v2\/pages\/4773\/revisions"}],"predecessor-version":[{"id":8277,"href":"https:\/\/almkullens.se\/index.php?rest_route=\/wp\/v2\/pages\/4773\/revisions\/8277"}],"wp:attachment":[{"href":"https:\/\/almkullens.se\/index.php?rest_route=%2Fwp%2Fv2%2Fmedia&parent=4773"}],"curies":[{"name":"wp","href":"https:\/\/api.w.org\/{rel}","templated":true}]}}