{"id":277,"date":"2010-07-30T08:38:47","date_gmt":"2010-07-30T08:38:47","guid":{"rendered":"http:\/\/almkullens.se\/?page_id=277"},"modified":"2026-04-01T08:06:52","modified_gmt":"2026-04-01T06:06:52","slug":"planerade-valpar","status":"publish","type":"page","link":"https:\/\/almkullens.se\/?page_id=277","title":{"rendered":"Planerade valpar"},"content":{"rendered":"\n\n\n<p class=\"wp-block-paragraph\"><strong>O-kullen<\/strong><\/p>\n\n\n\n<div class=\"wp-block-media-text has-media-on-the-right is-stacked-on-mobile\"><div class=\"wp-block-media-text__content\">\n<p class=\"wp-block-paragraph\">Efter ett lyckat bes\u00f6k i Danmark s\u00e5 hoppas vi nu p\u00e5 valpar mellan Almkullens Kassie och Kuhlmann&#8217;s D-Nelson om g\u00e5r allt som det ska s\u00e5 v\u00e4ntas valparna komma i b\u00f6rjan av Juni.<br \/><br \/>Nelson \u00e4r en dansk hane som \u00e4r vit\/orange och med kuperad svans, han \u00e4r\/har..<br \/>Dansk Jaktchampion\u00a0\u00a0<br \/>Dansk Brukschampion \u2013 1:a vinnarklass hela 3 g\u00e5nger!<br \/>Excellent p\u00e5 utst\u00e4llning<br \/>\u00c5rets hund-24 i Danmark<br \/>HD: A<br \/><em>Nelson er en fantasisk apport\u00f8r og har vundet alle Dansk Breton Klubs apporterings pr\u00f8ver de sidste \u00e5r.<\/em><\/p>\n<\/div><figure class=\"wp-block-media-text__media\"><img loading=\"lazy\" decoding=\"async\" width=\"900\" height=\"900\" src=\"https:\/\/almkullens.se\/wp-content\/uploads\/2025\/11\/Kuhlmanns-D-Nelson.webp\" alt=\"\" class=\"wp-image-12986 size-full\" srcset=\"https:\/\/almkullens.se\/wp-content\/uploads\/2025\/11\/Kuhlmanns-D-Nelson.webp 900w, https:\/\/almkullens.se\/wp-content\/uploads\/2025\/11\/Kuhlmanns-D-Nelson-300x300.webp 300w, https:\/\/almkullens.se\/wp-content\/uploads\/2025\/11\/Kuhlmanns-D-Nelson-150x150.webp 150w, https:\/\/almkullens.se\/wp-content\/uploads\/2025\/11\/Kuhlmanns-D-Nelson-768x768.webp 768w, https:\/\/almkullens.se\/wp-content\/uploads\/2025\/11\/Kuhlmanns-D-Nelson-600x600.webp 600w\" sizes=\"auto, (max-width: 900px) 100vw, 900px\" \/><\/figure><\/div>\n\n\n\n<p class=\"wp-block-paragraph\"><\/p>\n\n\n\n<div class=\"wp-block-media-text is-stacked-on-mobile\"><figure class=\"wp-block-media-text__media\"><img loading=\"lazy\" decoding=\"async\" width=\"1024\" height=\"683\" src=\"https:\/\/almkullens.se\/wp-content\/uploads\/2025\/11\/2025-6-1024x683.jpg\" alt=\"\" class=\"wp-image-12973 size-full\" srcset=\"https:\/\/almkullens.se\/wp-content\/uploads\/2025\/11\/2025-6-1024x683.jpg 1024w, https:\/\/almkullens.se\/wp-content\/uploads\/2025\/11\/2025-6-300x200.jpg 300w, https:\/\/almkullens.se\/wp-content\/uploads\/2025\/11\/2025-6-768x512.jpg 768w, https:\/\/almkullens.se\/wp-content\/uploads\/2025\/11\/2025-6-1536x1024.jpg 1536w, https:\/\/almkullens.se\/wp-content\/uploads\/2025\/11\/2025-6.jpg 1812w\" sizes=\"auto, (max-width: 1024px) 100vw, 1024px\" \/><\/figure><div class=\"wp-block-media-text__content\">\n<p class=\"wp-block-paragraph\"><\/p>\n\n\n\n<p>Almkullens Kassie \u00e4r ju ocks\u00e5 vit\/orange s\u00e5 det betyder att alla valparna ocks\u00e5 kommer att f\u00e5 samma f\u00e4rg som Kassie och Nelson<br \/>Kassie har..<\/p>\n<ul>\n<li>2 stycken 1 pris i Elitklass p\u00e5 Jaktprov<br \/>1 HP i Ukl.<br \/>1 \u00d6kl<br \/>hon har hela 90% pris p\u00e5 jaktprov!<\/li>\n<li>Excellent p\u00e5 utst\u00e4llning<\/li>\n<li>HD: B<\/li>\n<li>Kassie \u00e4r f\u00f6dd svansl\u00f6s.<br \/><a href=\"https:\/\/almkullens.se\/?page_id=11317\">L\u00e4s mer h\u00e4r om hur Kassie \u00e4r.<\/a><\/li>\n<\/ul>\n\n\n\n<p><\/p>\n<\/div><\/div>\n\n\n\n<p>Intresserad? V\u00e4kommen att ta kontakt med<br \/>Peter: 0703334566<br \/>Johanna: 0730542880<br \/>Mail: almkullens@gmail.com<\/p>\n","protected":false},"excerpt":{"rendered":"<p>O-kullen Efter ett lyckat bes\u00f6k i Danmark s\u00e5 hoppas vi nu p\u00e5 valpar mellan Almkullens Kassie och Kuhlmann&#8217;s D-Nelson om g\u00e5r allt som det ska s\u00e5 v\u00e4ntas valparna komma i b\u00f6rjan av Juni. Nelson \u00e4r en dansk hane som \u00e4r vit\/orange och med kuperad svans, han \u00e4r\/har..Dansk Jaktchampion\u00a0\u00a0Dansk Brukschampion \u2013 1:a vinnarklass hela 3 g\u00e5nger!Excellent [&hellip;]<\/p>\n","protected":false},"author":1,"featured_media":0,"parent":0,"menu_order":0,"comment_status":"closed","ping_status":"open","template":"","meta":{"_crdt_document":"","advgb_blocks_editor_width":"","advgb_blocks_columns_visual_guide":"","footnotes":""},"class_list":["post-277","page","type-page","status-publish","hentry","entry"],"coauthors":[],"author_meta":{"author_link":"https:\/\/almkullens.se\/?author=1","display_name":"Peter &amp; Johanna"},"relative_dates":{"created":"Publicerad 16 \u00e5r sedan","modified":"Uppdaterad 4 veckor sedan"},"absolute_dates":{"created":"Publicerat den 30 juli, 2010","modified":"Uppdaterad den 1 april, 2026"},"absolute_dates_time":{"created":"Publicerat den 30 juli, 2010 08:38","modified":"Uppdaterad den 1 april, 2026 08:06"},"featured_img_caption":"","featured_img":false,"series_order":"","jetpack_sharing_enabled":true,"_links":{"self":[{"href":"https:\/\/almkullens.se\/index.php?rest_route=\/wp\/v2\/pages\/277","targetHints":{"allow":["GET"]}}],"collection":[{"href":"https:\/\/almkullens.se\/index.php?rest_route=\/wp\/v2\/pages"}],"about":[{"href":"https:\/\/almkullens.se\/index.php?rest_route=\/wp\/v2\/types\/page"}],"author":[{"embeddable":true,"href":"https:\/\/almkullens.se\/index.php?rest_route=\/wp\/v2\/users\/1"}],"replies":[{"embeddable":true,"href":"https:\/\/almkullens.se\/index.php?rest_route=%2Fwp%2Fv2%2Fcomments&post=277"}],"version-history":[{"count":154,"href":"https:\/\/almkullens.se\/index.php?rest_route=\/wp\/v2\/pages\/277\/revisions"}],"predecessor-version":[{"id":13026,"href":"https:\/\/almkullens.se\/index.php?rest_route=\/wp\/v2\/pages\/277\/revisions\/13026"}],"wp:attachment":[{"href":"https:\/\/almkullens.se\/index.php?rest_route=%2Fwp%2Fv2%2Fmedia&parent=277"}],"curies":[{"name":"wp","href":"https:\/\/api.w.org\/{rel}","templated":true}]}}