{"id":256,"date":"2010-07-30T07:54:31","date_gmt":"2010-07-30T07:54:31","guid":{"rendered":"http:\/\/almkullens.se\/?page_id=256"},"modified":"2024-10-16T11:07:43","modified_gmt":"2024-10-16T09:07:43","slug":"kurser","status":"publish","type":"page","link":"https:\/\/almkullens.se\/?page_id=256","title":{"rendered":"Hundtr\u00e4ning"},"content":{"rendered":"<div class=\"wp-block-image\">\n<figure class=\"alignright is-resized advgb-dyn-78497409\"><a href=\"https:\/\/almkullens.se\/wp-content\/uploads\/2014\/12\/IMG_8677.jpg\" rel=\"lightbox[256]\"><img loading=\"lazy\" decoding=\"async\" width=\"300\" height=\"200\" src=\"https:\/\/almkullens.se\/wp-content\/uploads\/2014\/12\/IMG_8677-300x200.jpg\" alt=\"Almkullens Aska reser en rapph\u00f6na.\" class=\"wp-image-4805\" style=\"width:656px;height:438px\" srcset=\"https:\/\/almkullens.se\/wp-content\/uploads\/2014\/12\/IMG_8677-300x200.jpg 300w, https:\/\/almkullens.se\/wp-content\/uploads\/2014\/12\/IMG_8677-1024x683.jpg 1024w, https:\/\/almkullens.se\/wp-content\/uploads\/2014\/12\/IMG_8677.jpg 1800w\" sizes=\"auto, (max-width: 300px) 100vw, 300px\" \/><\/a><figcaption class=\"wp-element-caption\">Almkullens Aska reser en rapph\u00f6na.<\/figcaption><\/figure>\n<\/div>\n\n\n<p class=\"has-white-background-color has-background wp-block-paragraph\">Peter erbjuder privatlektioner (lydnad) <br \/>1 000:-\/ca 2 timmar.<\/p>\n\n\n\n<p class=\"has-white-background-color has-background wp-block-paragraph\">P\u00e5 h\u00f6sten s\u00e5 har vi \u00e4ven m\u00f6jlighet att erbjuda f\u00e4lttr\u00e4ning med f\u00e5gel.&nbsp;<br \/>ca 2 timmar p\u00e5 en vardagskv\u00e4ll 1 000:-<br \/>4-5 timmar p\u00e5 en helg 2 000:-<\/p>\n\n\n\n<p class=\"has-white-background-color has-background wp-block-paragraph\">Peter Nilsson Tel: 0703334566 Mail: <a href=\"mailto:almkullens@gmail.com\">almkullens@gmail.com<\/a> &nbsp; &nbsp;<\/p>\n\n\n<div class=\"wp-block-image\">\n<figure class=\"alignleft is-resized advgb-dyn-d36f9c51\"><a href=\"https:\/\/almkullens.se\/wp-content\/uploads\/2014\/09\/IMG_5957.jpg\" rel=\"lightbox[256]\"><img loading=\"lazy\" decoding=\"async\" width=\"300\" height=\"199\" src=\"https:\/\/almkullens.se\/wp-content\/uploads\/2014\/09\/IMG_5957-300x199.jpg\" alt=\"Almkullens Clara\" class=\"wp-image-4125\" style=\"width:559px;height:371px\" srcset=\"https:\/\/almkullens.se\/wp-content\/uploads\/2014\/09\/IMG_5957-300x199.jpg 300w, https:\/\/almkullens.se\/wp-content\/uploads\/2014\/09\/IMG_5957-1024x682.jpg 1024w, https:\/\/almkullens.se\/wp-content\/uploads\/2014\/09\/IMG_5957.jpg 2048w\" sizes=\"auto, (max-width: 300px) 100vw, 300px\" \/><\/a><figcaption class=\"wp-element-caption\">Almkullens Clara<\/figcaption><\/figure>\n<\/div>","protected":false},"excerpt":{"rendered":"<p>Peter erbjuder privatlektioner (lydnad) 1 000:-\/ca 2 timmar. P\u00e5 h\u00f6sten s\u00e5 har vi \u00e4ven m\u00f6jlighet att erbjuda f\u00e4lttr\u00e4ning med f\u00e5gel.&nbsp;ca 2 timmar p\u00e5 en vardagskv\u00e4ll 1 000:-4-5 timmar p\u00e5 en helg 2 000:- Peter Nilsson Tel: 0703334566 Mail: almkullens@gmail.com &nbsp; &nbsp;<\/p>\n","protected":false},"author":1,"featured_media":0,"parent":0,"menu_order":0,"comment_status":"closed","ping_status":"open","template":"","meta":{"_crdt_document":"","advgb_blocks_editor_width":"","advgb_blocks_columns_visual_guide":"","footnotes":""},"class_list":["post-256","page","type-page","status-publish","hentry","entry"],"coauthors":[],"author_meta":{"author_link":"https:\/\/almkullens.se\/?author=1","display_name":"Peter &amp; Johanna"},"relative_dates":{"created":"Publicerad 16 \u00e5r sedan","modified":"Uppdaterad 2 \u00e5r sedan"},"absolute_dates":{"created":"Publicerat den 30 juli, 2010","modified":"Uppdaterad den 16 oktober, 2024"},"absolute_dates_time":{"created":"Publicerat den 30 juli, 2010 07:54","modified":"Uppdaterad den 16 oktober, 2024 11:07"},"featured_img_caption":"","featured_img":false,"series_order":"","jetpack_sharing_enabled":true,"_links":{"self":[{"href":"https:\/\/almkullens.se\/index.php?rest_route=\/wp\/v2\/pages\/256","targetHints":{"allow":["GET"]}}],"collection":[{"href":"https:\/\/almkullens.se\/index.php?rest_route=\/wp\/v2\/pages"}],"about":[{"href":"https:\/\/almkullens.se\/index.php?rest_route=\/wp\/v2\/types\/page"}],"author":[{"embeddable":true,"href":"https:\/\/almkullens.se\/index.php?rest_route=\/wp\/v2\/users\/1"}],"replies":[{"embeddable":true,"href":"https:\/\/almkullens.se\/index.php?rest_route=%2Fwp%2Fv2%2Fcomments&post=256"}],"version-history":[{"count":43,"href":"https:\/\/almkullens.se\/index.php?rest_route=\/wp\/v2\/pages\/256\/revisions"}],"predecessor-version":[{"id":12656,"href":"https:\/\/almkullens.se\/index.php?rest_route=\/wp\/v2\/pages\/256\/revisions\/12656"}],"wp:attachment":[{"href":"https:\/\/almkullens.se\/index.php?rest_route=%2Fwp%2Fv2%2Fmedia&parent=256"}],"curies":[{"name":"wp","href":"https:\/\/api.w.org\/{rel}","templated":true}]}}