{"id":12898,"date":"2025-10-12T10:19:51","date_gmt":"2025-10-12T08:19:51","guid":{"rendered":"https:\/\/almkullens.se\/?page_id=12898"},"modified":"2025-10-12T10:35:03","modified_gmt":"2025-10-12T08:35:03","slug":"almkullens-niska","status":"publish","type":"page","link":"https:\/\/almkullens.se\/?page_id=12898","title":{"rendered":"Almkullens Niska"},"content":{"rendered":"\n<div class=\"wp-block-media-text has-media-on-the-right is-stacked-on-mobile\"><div class=\"wp-block-media-text__content\">\n<p class=\"wp-block-paragraph\"><strong>Almkullens Niska<\/strong>\u00a0SE27776\/2025<br \/><strong>Far:<\/strong>\u00a0Almkullens Leif<br \/><strong>Mor:<\/strong>\u00a0Almkullens Hexa<br \/><strong>F\u00f6dd:<\/strong>\u00a01\/5 2025<br \/><strong>HD:<\/strong>\u00a0<br \/><strong>HQ:<\/strong>\u00a0<br \/><strong>F\u00e4rg:<\/strong>\u00a0Vit &amp; Orange<br \/><strong>Svans:<\/strong>\u00a0L\u00e5ng svans<br \/><strong>Mankh\u00f6jd:<\/strong>\u00a0<br \/><strong>Jaktprov:<\/strong><br \/><strong>Utst\u00e4llning:<\/strong><\/p>\n<\/div><figure class=\"wp-block-media-text__media\"><a href=\"https:\/\/almkullens.se\/wp-content\/uploads\/2025\/10\/Almkullens-Niska2025.jpg\" rel=\"lightbox[12898]\"><img loading=\"lazy\" decoding=\"async\" width=\"1024\" height=\"683\" src=\"https:\/\/almkullens.se\/wp-content\/uploads\/2025\/10\/Almkullens-Niska2025-1024x683.jpg\" alt=\"\" class=\"wp-image-12899 size-full\" srcset=\"https:\/\/almkullens.se\/wp-content\/uploads\/2025\/10\/Almkullens-Niska2025-1024x683.jpg 1024w, https:\/\/almkullens.se\/wp-content\/uploads\/2025\/10\/Almkullens-Niska2025-300x200.jpg 300w, https:\/\/almkullens.se\/wp-content\/uploads\/2025\/10\/Almkullens-Niska2025-768x512.jpg 768w, https:\/\/almkullens.se\/wp-content\/uploads\/2025\/10\/Almkullens-Niska2025-1536x1024.jpg 1536w, https:\/\/almkullens.se\/wp-content\/uploads\/2025\/10\/Almkullens-Niska2025.jpg 1800w\" sizes=\"auto, (max-width: 1024px) 100vw, 1024px\" \/><\/a><\/figure><\/div>\n\n\n\n<div class=\"wp-block-media-text is-stacked-on-mobile\"><figure class=\"wp-block-media-text__media\"><img loading=\"lazy\" decoding=\"async\" width=\"1024\" height=\"683\" src=\"https:\/\/almkullens.se\/wp-content\/uploads\/2025\/10\/Almkullens-Nemi-Almkullens-Niska2025-1024x683.jpg\" alt=\"\" class=\"wp-image-12902 size-full\" srcset=\"https:\/\/almkullens.se\/wp-content\/uploads\/2025\/10\/Almkullens-Nemi-Almkullens-Niska2025-1024x683.jpg 1024w, https:\/\/almkullens.se\/wp-content\/uploads\/2025\/10\/Almkullens-Nemi-Almkullens-Niska2025-300x200.jpg 300w, https:\/\/almkullens.se\/wp-content\/uploads\/2025\/10\/Almkullens-Nemi-Almkullens-Niska2025-768x512.jpg 768w, https:\/\/almkullens.se\/wp-content\/uploads\/2025\/10\/Almkullens-Nemi-Almkullens-Niska2025-1536x1024.jpg 1536w, https:\/\/almkullens.se\/wp-content\/uploads\/2025\/10\/Almkullens-Nemi-Almkullens-Niska2025.jpg 1800w\" sizes=\"auto, (max-width: 1024px) 100vw, 1024px\" \/><\/figure><div class=\"wp-block-media-text__content\">\n<p class=\"wp-block-paragraph\">Niska \u00e4r \u00e4n s\u00e5 l\u00e4nge ett oskrivet blad, hon \u00e4r en glad och go valp som precis har uppt\u00e4ckt att det kan vara j\u00e4ttekul med f\u00e5gel!<br \/>Hon gillar (som de flesta valpar) att apportera\/b\u00e4ra b\u00e5de f\u00e5glar och det mesta annat.. skor t.ex.<br \/>Hon \u00e4r mysig inomhus och \u00e4lskar att ligga n\u00e4ra g\u00e4rna i kn\u00e4t \u2764\ufe0f<\/p>\n<\/div><\/div>\n","protected":false},"excerpt":{"rendered":"<p>Almkullens Niska\u00a0SE27776\/2025Far:\u00a0Almkullens LeifMor:\u00a0Almkullens HexaF\u00f6dd:\u00a01\/5 2025HD:\u00a0HQ:\u00a0F\u00e4rg:\u00a0Vit &amp; OrangeSvans:\u00a0L\u00e5ng svansMankh\u00f6jd:\u00a0Jaktprov:Utst\u00e4llning: Niska \u00e4r \u00e4n s\u00e5 l\u00e4nge ett oskrivet blad, hon \u00e4r en glad och go valp som precis har uppt\u00e4ckt att det kan vara j\u00e4ttekul med f\u00e5gel!Hon gillar (som de flesta valpar) att apportera\/b\u00e4ra b\u00e5de f\u00e5glar och det mesta annat.. skor t.ex.Hon \u00e4r mysig inomhus och \u00e4lskar att [&hellip;]<\/p>\n","protected":false},"author":1,"featured_media":0,"parent":0,"menu_order":0,"comment_status":"closed","ping_status":"closed","template":"","meta":{"_crdt_document":"","advgb_blocks_editor_width":"","advgb_blocks_columns_visual_guide":"","footnotes":""},"class_list":["post-12898","page","type-page","status-publish","hentry","entry"],"coauthors":[],"author_meta":{"author_link":"https:\/\/almkullens.se\/?author=1","display_name":"Peter &amp; Johanna"},"relative_dates":{"created":"Publicerad 7 m\u00e5nader sedan","modified":"Uppdaterad 7 m\u00e5nader sedan"},"absolute_dates":{"created":"Publicerat den 12 oktober, 2025","modified":"Uppdaterad den 12 oktober, 2025"},"absolute_dates_time":{"created":"Publicerat den 12 oktober, 2025 10:19","modified":"Uppdaterad den 12 oktober, 2025 10:35"},"featured_img_caption":"","featured_img":false,"series_order":"","jetpack_sharing_enabled":true,"_links":{"self":[{"href":"https:\/\/almkullens.se\/index.php?rest_route=\/wp\/v2\/pages\/12898","targetHints":{"allow":["GET"]}}],"collection":[{"href":"https:\/\/almkullens.se\/index.php?rest_route=\/wp\/v2\/pages"}],"about":[{"href":"https:\/\/almkullens.se\/index.php?rest_route=\/wp\/v2\/types\/page"}],"author":[{"embeddable":true,"href":"https:\/\/almkullens.se\/index.php?rest_route=\/wp\/v2\/users\/1"}],"replies":[{"embeddable":true,"href":"https:\/\/almkullens.se\/index.php?rest_route=%2Fwp%2Fv2%2Fcomments&post=12898"}],"version-history":[{"count":3,"href":"https:\/\/almkullens.se\/index.php?rest_route=\/wp\/v2\/pages\/12898\/revisions"}],"predecessor-version":[{"id":12903,"href":"https:\/\/almkullens.se\/index.php?rest_route=\/wp\/v2\/pages\/12898\/revisions\/12903"}],"wp:attachment":[{"href":"https:\/\/almkullens.se\/index.php?rest_route=%2Fwp%2Fv2%2Fmedia&parent=12898"}],"curies":[{"name":"wp","href":"https:\/\/api.w.org\/{rel}","templated":true}]}}