{"id":12579,"date":"2024-06-18T07:42:36","date_gmt":"2024-06-18T05:42:36","guid":{"rendered":"https:\/\/almkullens.se\/?page_id=12579"},"modified":"2026-01-24T12:44:00","modified_gmt":"2026-01-24T11:44:00","slug":"almkullens-k-kull-2","status":"publish","type":"page","link":"https:\/\/almkullens.se\/?page_id=12579","title":{"rendered":"Almkullens K-kull"},"content":{"rendered":"\n<div class=\"wp-block-group\"><div class=\"wp-block-group__inner-container is-layout-constrained wp-block-group-is-layout-constrained\">\n<div class=\"wp-block-advgb-container advgb-blocks-container\">\n<figure class=\"wp-block-table\"><table class=\"has-fixed-layout\"><tbody><tr><td><img loading=\"lazy\" decoding=\"async\" width=\"700\" height=\"525\" class=\"wp-image-10414\" style=\"width: 700px;\" src=\"https:\/\/almkullens.se\/wp-content\/uploads\/2020\/11\/Stor-Tangens-Jack.jpg\" alt=\"\" srcset=\"https:\/\/almkullens.se\/wp-content\/uploads\/2020\/11\/Stor-Tangens-Jack.jpg 1800w, https:\/\/almkullens.se\/wp-content\/uploads\/2020\/11\/Stor-Tangens-Jack-300x225.jpg 300w, https:\/\/almkullens.se\/wp-content\/uploads\/2020\/11\/Stor-Tangens-Jack-1024x768.jpg 1024w, https:\/\/almkullens.se\/wp-content\/uploads\/2020\/11\/Stor-Tangens-Jack-768x576.jpg 768w, https:\/\/almkullens.se\/wp-content\/uploads\/2020\/11\/Stor-Tangens-Jack-1536x1152.jpg 1536w\" sizes=\"auto, (max-width: 700px) 100vw, 700px\" \/><\/td><td><img loading=\"lazy\" decoding=\"async\" width=\"700\" height=\"525\" class=\"wp-image-11059\" style=\"width: 700px;\" src=\"https:\/\/almkullens.se\/wp-content\/uploads\/2021\/10\/700.jpg\" alt=\"\" srcset=\"https:\/\/almkullens.se\/wp-content\/uploads\/2021\/10\/700.jpg 1800w, https:\/\/almkullens.se\/wp-content\/uploads\/2021\/10\/700-300x225.jpg 300w, https:\/\/almkullens.se\/wp-content\/uploads\/2021\/10\/700-1024x768.jpg 1024w, https:\/\/almkullens.se\/wp-content\/uploads\/2021\/10\/700-768x576.jpg 768w, https:\/\/almkullens.se\/wp-content\/uploads\/2021\/10\/700-1536x1152.jpg 1536w\" sizes=\"auto, (max-width: 700px) 100vw, 700px\" \/><\/td><\/tr><tr><td><strong>Stor-T\u00e5ngens Jack<\/strong>&nbsp;SE43451\/2018<br \/><strong>Far:<\/strong>&nbsp;Grand\u2019s Uniq Luke<br \/><strong>Mor:<\/strong>&nbsp;Almkullens Demi<br \/><strong>F\u00f6dd:<\/strong>&nbsp;20\/6 2018<br \/><strong>HD:<\/strong>&nbsp;A<br \/><strong>HQ:<\/strong>&nbsp;0,96<br \/><strong>F\u00e4rg:<\/strong>&nbsp;Vit &amp; Svart skimmel<br \/><strong>Svans:<\/strong>&nbsp;avsaknad av svans<br \/><strong>Mankh\u00f6jd:<\/strong>&nbsp;51<br \/><strong>Jaktprov:<\/strong><br \/>F\u00e4lt:&nbsp;2021: &nbsp; &nbsp; &nbsp; &nbsp;2\u00d72 \u00f6kl<br \/>&nbsp; &nbsp; &nbsp; &nbsp; &nbsp; &nbsp; &nbsp; &nbsp; &nbsp; &nbsp;&nbsp; &nbsp; &nbsp; &nbsp; &nbsp;1 \u00d6kl<br \/><strong>Utst\u00e4llning:<\/strong>&nbsp;SE UCH NO UCH<br \/>Jaktkl: Excellent CERT BIM NORD CERT BIR<\/td><td><strong>Almkullens Hexa<\/strong>&nbsp;SE13779\/2018<br \/><strong>Far:<\/strong>&nbsp;Inouk De L\u2019ardour<br \/><strong>Mor:<\/strong>&nbsp;Almkullens Aska<br \/><strong>F\u00f6dd:<\/strong>&nbsp;22\/12 2017<br \/><strong>HD:<\/strong>&nbsp;A<br \/><strong>HQ:<\/strong>&nbsp;0,98<br \/><strong>F\u00e4rg:<\/strong>&nbsp;Vit &amp; Orange skimmel<br \/><strong>Svans:<\/strong>&nbsp;L\u00e5ng svans<br \/><strong>Mankh\u00f6jd:<\/strong>&nbsp;ca 48<br \/><strong>Jaktprov:<\/strong><br \/>2019:<br \/>F\u00e4lt:&nbsp; &nbsp;1 Ukl (Danmark)<br \/>Fj\u00e4ll:&nbsp; 1 Ukl<br \/>Skog: 2 Ukl<br \/>F\u00e4lt:&nbsp; &nbsp;1 Ukl<br \/>&nbsp; &nbsp; &nbsp; &nbsp; &nbsp; &nbsp;2 \u00d6kl<br \/>2020:<br \/>Fj\u00e4ll:&nbsp; 1 \u00d6kl<br \/>F\u00e4lt:&nbsp; &nbsp;2 Ekl<br \/>&nbsp; &nbsp; &nbsp; &nbsp;&nbsp; &nbsp;&nbsp;2 Ekl<br \/>2021:&nbsp; 1 Ekl<br \/>2022: 2 Ekl<br \/>\u00c5rets Breton Allround-2019<br \/><strong>Utst\u00e4llning:<\/strong><br \/>Jaktkl: Very Good<\/td><\/tr><\/tbody><\/table><\/figure>\n<\/div>\n<\/div><\/div>\n\n\n\n<p style=\"text-align: center;\"><em>Valparna \u00e4r f\u00f6dda den 19\/12 2021<\/em><\/p>\n\n\n\n<figure class=\"wp-block-table\"><table class=\"has-fixed-layout\"><tbody><tr><td><img loading=\"lazy\" decoding=\"async\" width=\"700\" height=\"525\" class=\"wp-image-12505\" style=\"width: 700px;\" src=\"https:\/\/almkullens.se\/wp-content\/uploads\/2024\/03\/235.jpg\" alt=\"\" srcset=\"https:\/\/almkullens.se\/wp-content\/uploads\/2024\/03\/235.jpg 1600w, https:\/\/almkullens.se\/wp-content\/uploads\/2024\/03\/235-300x225.jpg 300w, https:\/\/almkullens.se\/wp-content\/uploads\/2024\/03\/235-1024x768.jpg 1024w, https:\/\/almkullens.se\/wp-content\/uploads\/2024\/03\/235-768x576.jpg 768w, https:\/\/almkullens.se\/wp-content\/uploads\/2024\/03\/235-1536x1152.jpg 1536w\" sizes=\"auto, (max-width: 700px) 100vw, 700px\" \/>Kassie bor h\u00e4r hos oss<br \/><a href=\"https:\/\/almkullens.se\/?page_id=11396\">Galleri: Almkullens Kassie<\/a><\/td><td><strong>Almkullens Kassie <br \/><\/strong>SE71955\/2021<br \/><strong>K\u00f6n:<\/strong>\u00a0Tik<br \/><strong>F\u00e4rg:<\/strong>\u00a0Vit\/ Orange skimmel<br \/><strong>Svans:<\/strong>\u00a0Avsaknad av svans<br \/><strong>Mankh\u00f6jd:<\/strong>\u00a049,5 cm<br \/><strong>HD:<\/strong>\u00a0B<br \/><strong>\u00d6gon:<\/strong> Utan anm\u00e4rkning<br \/><strong>Jaktprov:<\/strong><br \/>F\u00e4lt 2023: 1 HP UKL<br \/>Fj\u00e4ll 2024: 2 pris \u00d6kl<br \/>F\u00e4lt 2024: 2 pris \u00d6kl<br \/><span style=\"background-color: #ffffff;\">\u00a0 \u00a0 \u00a0 \u00a0 \u00a0 \u00a0<span style=\"background-color: #ffffff;\">\u00a0 \u00a0 \u00a0<\/span> \u00a0 <\/span> 1 pris \u00d6kl<br \/> <span style=\"background-color: #ffffff;\">\u00a0 \u00a0 <span style=\"background-color: #ffffff;\">\u00a0 \u00a0 \u00a0 \u00a0 \u00a0<\/span>\u00a0 \u00a0 \u00a0 <\/span>3 pris Ekl<br \/>F\u00e4lt 2025: 1 pris Ekl<br \/> <span style=\"background-color: #ffffff;\">\u00a0 \u00a0 <span style=\"background-color: #ffffff;\">\u00a0 <span style=\"background-color: #ffffff;\">\u00a0<span style=\"background-color: #ffffff;\"><span style=\"background-color: #ffffff;\"><span style=\"background-color: #ffffff;\">\u00a0<\/span><\/span>\u00a0<\/span>\u00a0 \u00a0<\/span>\u00a0 \u00a0 \u00a0 \u00a0<\/span> <\/span>1 pris Ekl<br \/><span style=\"background-color: #ffffff;\"><span style=\"background-color: #ffffff;\"><span style=\"background-color: #ffffff;\"><span style=\"background-color: #ffffff;\">\u00a0<\/span><\/span>\u00a0<\/span>\u00a0 \u00a0 <span style=\"background-color: #ffffff;\">\u00a0 \u00a0 \u00a0 \u00a0 \u00a0<\/span>\u00a0 \u00a0 \u00a0<\/span>2 pris Ekl<br \/><span style=\"background-color: #ffffff;\">\u00a0<span style=\"background-color: #ffffff;\"><span style=\"background-color: #ffffff;\"><span style=\"background-color: #ffffff;\">\u00a0<\/span><\/span>\u00a0<\/span>\u00a0 \u00a0 <span style=\"background-color: #ffffff;\">\u00a0 \u00a0 \u00a0 \u00a0 \u00a0<\/span>\u00a0 \u00a0\u00a0<\/span>2 pris Ekl<br \/><strong>Utst\u00e4llning:<\/strong><br \/>2024 Jaktklass: Excellent<br \/>2025: Jkl: Excellent<br \/><\/td><\/tr><tr><td><img loading=\"lazy\" decoding=\"async\" width=\"700\" height=\"512\" class=\"wp-image-12002\" style=\"width: 700px;\" src=\"https:\/\/almkullens.se\/wp-content\/uploads\/2023\/01\/Kouta.png\" alt=\"\" srcset=\"https:\/\/almkullens.se\/wp-content\/uploads\/2023\/01\/Kouta.png 933w, https:\/\/almkullens.se\/wp-content\/uploads\/2023\/01\/Kouta-300x220.png 300w, https:\/\/almkullens.se\/wp-content\/uploads\/2023\/01\/Kouta-768x562.png 768w\" sizes=\"auto, (max-width: 700px) 100vw, 700px\" \/><br \/>Kouta bor hos Toni och Salla Saarela i Finland<br \/><a href=\"https:\/\/almkullens.se\/?page_id=11405\">Galleri: Almkullens Kouta<\/a><\/td><td><strong>Almkullens Kouta<br \/><\/strong>SE71956\/2021<br \/><strong>K\u00f6n:<\/strong>\u00a0Hane<br \/><strong>F\u00e4rg:<\/strong>\u00a0Vit\/ Orange skimmel<br \/><strong>Svans:<\/strong>\u00a0L\u00e5ng svans<br \/><strong>Mankh\u00f6jd:<\/strong>\u00a051 cm<br \/><strong>HD:<\/strong>\u00a0B<br \/><strong>ED<\/strong>: 0<br \/><strong>\u00d6gon:<\/strong> Utan anm\u00e4rkning<br \/><strong>LTV:<\/strong> 0 (normal)<br \/><strong>VA:<\/strong> 0 (normal)<br \/><strong>SPO:<\/strong> 0 (fri)<br \/><strong>Jaktprov:<\/strong><br \/>F\u00e4lt 2025: 2 pris \u00d6kl 62p.<br \/>F\u00e4lt 2026: 2 pris \u00d6kl 77p.<br \/><strong>Utst\u00e4llning:<\/strong><br \/>2023: Junkkari: Exc.+<br \/>2024: \u00d6kl. Exc. CERT BIR<br \/>2025: \u00d6kl. Exc. CERT BIR BIG-4<br \/><strong>Efters\u00f6ksprov:<\/strong>\u00a0 \u00a0<br \/>2023: Ukl vatten: 12p (NUO Vesit)\u00a0 \u00a0<br \/>2024: \u00d6kl vatten: Excellent 20p (AVO Vesit)<\/td><\/tr><tr><td><img loading=\"lazy\" decoding=\"async\" width=\"700\" height=\"525\" class=\"wp-image-12483\" style=\"width: 700px;\" src=\"https:\/\/almkullens.se\/wp-content\/uploads\/2024\/01\/218.jpg\" alt=\"\" srcset=\"https:\/\/almkullens.se\/wp-content\/uploads\/2024\/01\/218.jpg 1600w, https:\/\/almkullens.se\/wp-content\/uploads\/2024\/01\/218-300x225.jpg 300w, https:\/\/almkullens.se\/wp-content\/uploads\/2024\/01\/218-1024x768.jpg 1024w, https:\/\/almkullens.se\/wp-content\/uploads\/2024\/01\/218-768x576.jpg 768w, https:\/\/almkullens.se\/wp-content\/uploads\/2024\/01\/218-1536x1152.jpg 1536w\" sizes=\"auto, (max-width: 700px) 100vw, 700px\" \/><\/td><td><strong>Almkullens Kenzo<\/strong><br \/>SE71958\/2021<strong><br \/>K\u00f6n:<\/strong>&nbsp;Hane<br \/><strong>F\u00e4rg:<\/strong>&nbsp;Vit\/ Svart skimmel<br \/><strong>Svans:<\/strong>&nbsp;Avsaknad av svans<br \/><strong>Mankh\u00f6jd:<\/strong>&nbsp;50-51 cm<br \/><strong>HD:<\/strong>&nbsp;A<br \/><strong>Utst\u00e4llning:<\/strong><br \/>2023: Unghundsklass Very Good<br \/>2024: \u00d6kl Excellent CK<br \/>2025: \u00d6kl Excellent CK BHKL 2 (av 18 startande hanar)<br \/><br \/>Kenzo bor hos Tomas och Lena Isaksson i Kungshamn<br \/><a href=\"https:\/\/almkullens.se\/?page_id=11431\">Galleri: Almkullens Kenzo<\/a><\/td><\/tr><tr><td><img loading=\"lazy\" decoding=\"async\" width=\"700\" height=\"467\" class=\"wp-image-11910\" style=\"width: 700px;\" src=\"https:\/\/almkullens.se\/wp-content\/uploads\/2022\/10\/142.jpg\" alt=\"\" srcset=\"https:\/\/almkullens.se\/wp-content\/uploads\/2022\/10\/142.jpg 1800w, https:\/\/almkullens.se\/wp-content\/uploads\/2022\/10\/142-300x200.jpg 300w, https:\/\/almkullens.se\/wp-content\/uploads\/2022\/10\/142-1024x683.jpg 1024w, https:\/\/almkullens.se\/wp-content\/uploads\/2022\/10\/142-768x512.jpg 768w, https:\/\/almkullens.se\/wp-content\/uploads\/2022\/10\/142-1536x1024.jpg 1536w\" sizes=\"auto, (max-width: 700px) 100vw, 700px\" \/><\/td><td>A<strong>lmkullens Kero<\/strong><br \/>SE71959\/2021<strong><br \/>K\u00f6n:<\/strong>&nbsp;Hane<br \/><strong>F\u00e4rg:<\/strong>&nbsp;Vit\/ Svart skimmel<br \/><strong>Svans:<\/strong>&nbsp;Avsaknad av svans<br \/><strong>Mankh\u00f6jd:<\/strong>&nbsp;ca 50 cm<br \/><strong>HD:<\/strong>&nbsp;B<br \/><strong>Utst\u00e4llning:<\/strong><br \/>2024: \u00d6kl Excellent CK Bir<br \/><br \/>Kero har flyttat till Joakim och Boel Thor\u00e9n i \u00d6stersund<br \/><a href=\"https:\/\/almkullens.se\/?page_id=11454\">Galleri: Almkullens Kero<\/a><\/td><\/tr><tr><td><img loading=\"lazy\" decoding=\"async\" width=\"700\" height=\"525\" class=\"wp-image-11912\" style=\"width: 700px;\" src=\"https:\/\/almkullens.se\/wp-content\/uploads\/2022\/10\/586.jpg\" alt=\"\" srcset=\"https:\/\/almkullens.se\/wp-content\/uploads\/2022\/10\/586.jpg 1600w, https:\/\/almkullens.se\/wp-content\/uploads\/2022\/10\/586-300x225.jpg 300w, https:\/\/almkullens.se\/wp-content\/uploads\/2022\/10\/586-1024x768.jpg 1024w, https:\/\/almkullens.se\/wp-content\/uploads\/2022\/10\/586-768x576.jpg 768w, https:\/\/almkullens.se\/wp-content\/uploads\/2022\/10\/586-1536x1152.jpg 1536w\" sizes=\"auto, (max-width: 700px) 100vw, 700px\" \/><\/td><td><strong>Almkullens Konjak<br \/><\/strong>SE71957\/2021<br \/><strong>K\u00f6n:<\/strong>&nbsp;Hane<br \/><strong>F\u00e4rg:<\/strong>&nbsp;Vit\/ Svart skimmel<br \/><strong>Svans:<\/strong>&nbsp;Stubbsvans<br \/><strong>Mankh\u00f6jd:<\/strong>&nbsp;f\u00f6r h\u00f6g, \u00f6ver 52 cm<br \/><strong>HD:<\/strong>&nbsp;A<br \/><strong>Jaktprov:<\/strong><br \/>F\u00e4lt 2023: 2 pris Ukl<br \/><br \/>Konjak bor hos Lars och Carina Linder-Aronson i Stockholm<br \/><a href=\"https:\/\/almkullens.se\/?page_id=11422\">Galleri: Almkullens Konjak<\/a><\/td><\/tr><\/tbody><\/table><\/figure>\n\n\n\n\n\n<p>Stamtavla K-kullen<\/p>\n\n\n\n\n\n<figure class=\"wp-block-image alignwide size-full\"><img loading=\"lazy\" decoding=\"async\" width=\"869\" height=\"630\" src=\"https:\/\/almkullens.se\/wp-content\/uploads\/2022\/01\/K-kull.jpg\" alt=\"\" class=\"wp-image-11230\" srcset=\"https:\/\/almkullens.se\/wp-content\/uploads\/2022\/01\/K-kull.jpg 869w, https:\/\/almkullens.se\/wp-content\/uploads\/2022\/01\/K-kull-300x217.jpg 300w, https:\/\/almkullens.se\/wp-content\/uploads\/2022\/01\/K-kull-768x557.jpg 768w\" sizes=\"auto, (max-width: 869px) 100vw, 869px\" \/><\/figure>\n","protected":false},"excerpt":{"rendered":"<p>Valparna \u00e4r f\u00f6dda den 19\/12 2021 Kassie bor h\u00e4r hos ossGalleri: Almkullens Kassie Almkullens Kassie SE71955\/2021K\u00f6n:\u00a0TikF\u00e4rg:\u00a0Vit\/ Orange skimmelSvans:\u00a0Avsaknad av svansMankh\u00f6jd:\u00a049,5 cmHD:\u00a0B\u00d6gon: Utan anm\u00e4rkningJaktprov:F\u00e4lt 2023: 1 HP UKLFj\u00e4ll 2024: 2 pris \u00d6klF\u00e4lt 2024: 2 pris \u00d6kl\u00a0 \u00a0 \u00a0 \u00a0 \u00a0 \u00a0\u00a0 \u00a0 \u00a0 \u00a0 1 pris \u00d6kl \u00a0 \u00a0 \u00a0 \u00a0 \u00a0 \u00a0 \u00a0\u00a0 \u00a0 \u00a0 [&hellip;]<\/p>\n","protected":false},"author":1,"featured_media":0,"parent":0,"menu_order":0,"comment_status":"closed","ping_status":"closed","template":"","meta":{"_crdt_document":"","advgb_blocks_editor_width":"","advgb_blocks_columns_visual_guide":"","footnotes":""},"class_list":["post-12579","page","type-page","status-publish","hentry","entry"],"coauthors":[],"author_meta":{"author_link":"https:\/\/almkullens.se\/?author=1","display_name":"Peter &amp; Johanna"},"relative_dates":{"created":"Publicerad 2 \u00e5r sedan","modified":"Uppdaterad 3 m\u00e5nader sedan"},"absolute_dates":{"created":"Publicerat den 18 juni, 2024","modified":"Uppdaterad den 24 januari, 2026"},"absolute_dates_time":{"created":"Publicerat den 18 juni, 2024 07:42","modified":"Uppdaterad den 24 januari, 2026 12:44"},"featured_img_caption":"","featured_img":false,"series_order":"","jetpack_sharing_enabled":true,"_links":{"self":[{"href":"https:\/\/almkullens.se\/index.php?rest_route=\/wp\/v2\/pages\/12579","targetHints":{"allow":["GET"]}}],"collection":[{"href":"https:\/\/almkullens.se\/index.php?rest_route=\/wp\/v2\/pages"}],"about":[{"href":"https:\/\/almkullens.se\/index.php?rest_route=\/wp\/v2\/types\/page"}],"author":[{"embeddable":true,"href":"https:\/\/almkullens.se\/index.php?rest_route=\/wp\/v2\/users\/1"}],"replies":[{"embeddable":true,"href":"https:\/\/almkullens.se\/index.php?rest_route=%2Fwp%2Fv2%2Fcomments&post=12579"}],"version-history":[{"count":18,"href":"https:\/\/almkullens.se\/index.php?rest_route=\/wp\/v2\/pages\/12579\/revisions"}],"predecessor-version":[{"id":13008,"href":"https:\/\/almkullens.se\/index.php?rest_route=\/wp\/v2\/pages\/12579\/revisions\/13008"}],"wp:attachment":[{"href":"https:\/\/almkullens.se\/index.php?rest_route=%2Fwp%2Fv2%2Fmedia&parent=12579"}],"curies":[{"name":"wp","href":"https:\/\/api.w.org\/{rel}","templated":true}]}}