{"id":11317,"date":"2022-05-26T11:37:35","date_gmt":"2022-05-26T09:37:35","guid":{"rendered":"https:\/\/almkullens.se\/?page_id=11317"},"modified":"2025-11-15T09:59:16","modified_gmt":"2025-11-15T08:59:16","slug":"almkullens-kassie","status":"publish","type":"page","link":"https:\/\/almkullens.se\/?page_id=11317","title":{"rendered":"J Almkullens Kassie"},"content":{"rendered":"\n<div class=\"wp-block-media-text alignwide has-media-on-the-right is-stacked-on-mobile has-white-background-color has-background\"><div class=\"wp-block-media-text__content\">\n<p class=\"wp-block-paragraph\"><strong>Almkullens Kassie<\/strong> SE71955\/2021<br \/><strong>Far:<\/strong>\u00a0Stor-T\u00e5ngens Jack<br \/><strong>Mor:<\/strong>\u00a0Almkullens Hexa<br \/><strong>F\u00f6dd:<\/strong>\u00a019\/12 2021<br \/><strong>HD:<\/strong>\u00a0B<br \/><strong>F\u00e4rg:<\/strong>\u00a0Vit &amp; Orange skimmel<br \/><strong>Svans:<\/strong>\u00a0avsaknad av svans<br \/><strong>Mankh\u00f6jd:<\/strong> ca 49,5\u00a0<br \/><strong>Jaktprov: <\/strong><br \/>F\u00e4lt 2023: <span style=\"background-color: #ffffff;\">\u00a0 <\/span>1 HP Ukl<br \/>Fj\u00e4ll 2024: 2 pris \u00d6kl<br \/>F\u00e4lt 2024: 2 pris \u00d6kl<br \/><span style=\"background-color: #ffffff;\">\u00a0 \u00a0 \u00a0 \u00a0 \u00a0 <span style=\"background-color: #ffffff;\">\u00a0 \u00a0 \u00a0<\/span> \u00a0 \u00a0 \u00a0<\/span>1 pris \u00d6kl<br \/><span style=\"background-color: #ffffff;\">\u00a0 \u00a0 \u00a0 \u00a0 \u00a0\u00a0 \u00a0<span style=\"background-color: #ffffff;\">\u00a0 \u00a0 \u00a0<\/span> \u00a0 \u00a0<\/span>3 pris Ekl<br \/>F\u00e4lt 2025:<span style=\"background-color: #ffffff;\"><span style=\"background-color: #ffffff;\"> \u00a0<\/span><\/span><span style=\"background-color: #ffffff;\"><\/span>1 pris Ekl<br \/><span style=\"background-color: #ffffff;\"> \u00a0 \u00a0 \u00a0 \u00a0\u00a0 \u00a0<span style=\"background-color: #ffffff;\">\u00a0 \u00a0 \u00a0<\/span> \u00a0<span style=\"background-color: #ffffff;\"><span style=\"background-color: #ffffff;\"> \u00a0<\/span><\/span> \u00a0<\/span>1 pris Ekl<br \/><span style=\"background-color: #ffffff;\">\u00a0 \u00a0 \u00a0 \u00a0 \u00a0\u00a0 \u00a0<span style=\"background-color: #ffffff;\">\u00a0 \u00a0 \u00a0<\/span> \u00a0 \u00a0<\/span>2 pris Ekl<br \/><span style=\"background-color: #ffffff;\">\u00a0 \u00a0 \u00a0 \u00a0 \u00a0\u00a0 \u00a0<span style=\"background-color: #ffffff;\">\u00a0 \u00a0 \u00a0<\/span> \u00a0 \u00a0<\/span>2 pris Ekl<br \/><strong>Utst\u00e4llning:<\/strong><br \/>2024: Jkl: Excellent<br \/>2025: Jkl: Excellent<br \/><a href=\"https:\/\/almkullens.se\/?page_id=11396\">Galleri: Almkullens Kassie<\/a><br \/>Kassie har startat p\u00e5 10 jaktprov och har priser p\u00e5 9! <br \/>Varav 4 \u00e4r 1 pris!<\/p>\n\n\n\n<p class=\"wp-block-paragraph\"><\/p>\n<\/div><figure class=\"wp-block-media-text__media\"><a href=\"https:\/\/almkullens.se\/wp-content\/uploads\/2024\/10\/kassie.jpg\" rel=\"lightbox[11317]\"><img loading=\"lazy\" decoding=\"async\" width=\"1024\" height=\"683\" src=\"https:\/\/almkullens.se\/wp-content\/uploads\/2024\/10\/kassie-1024x683.jpg\" alt=\"\" class=\"wp-image-12636 size-full\" srcset=\"https:\/\/almkullens.se\/wp-content\/uploads\/2024\/10\/kassie-1024x683.jpg 1024w, https:\/\/almkullens.se\/wp-content\/uploads\/2024\/10\/kassie-300x200.jpg 300w, https:\/\/almkullens.se\/wp-content\/uploads\/2024\/10\/kassie-768x512.jpg 768w, https:\/\/almkullens.se\/wp-content\/uploads\/2024\/10\/kassie-1536x1024.jpg 1536w, https:\/\/almkullens.se\/wp-content\/uploads\/2024\/10\/kassie.jpg 1800w\" sizes=\"auto, (max-width: 1024px) 100vw, 1024px\" \/><\/a><\/figure><\/div>\n\n\n\n<div class=\"wp-block-media-text alignwide is-stacked-on-mobile\"><figure class=\"wp-block-media-text__media\"><img loading=\"lazy\" decoding=\"async\" width=\"1024\" height=\"683\" src=\"https:\/\/almkullens.se\/wp-content\/uploads\/2024\/12\/ES8A3493-Forbattrat-BR-1024x683.jpg\" alt=\"\" class=\"wp-image-12671 size-full\" srcset=\"https:\/\/almkullens.se\/wp-content\/uploads\/2024\/12\/ES8A3493-Forbattrat-BR-1024x683.jpg 1024w, https:\/\/almkullens.se\/wp-content\/uploads\/2024\/12\/ES8A3493-Forbattrat-BR-300x200.jpg 300w, https:\/\/almkullens.se\/wp-content\/uploads\/2024\/12\/ES8A3493-Forbattrat-BR-768x512.jpg 768w, https:\/\/almkullens.se\/wp-content\/uploads\/2024\/12\/ES8A3493-Forbattrat-BR-1536x1024.jpg 1536w, https:\/\/almkullens.se\/wp-content\/uploads\/2024\/12\/ES8A3493-Forbattrat-BR.jpg 1800w\" sizes=\"auto, (max-width: 1024px) 100vw, 1024px\" \/><\/figure><div class=\"wp-block-media-text__content\">\n<p class=\"wp-block-paragraph\">Kassies st\u00f6rsta styrka \u00e4r hennes f\u00e5gelbehandlig, hon har en fantastisk avance, p\u00e5 h\u00e5ll eller n\u00e4ra, mot mig eller fr\u00e5n, allt g\u00e5r l\u00e4tt! Hon \u00e4r ocks\u00e5 l\u00e4tt att f\u00e5 stopp p\u00e5 i f\u00e5gelsituationer, oftast s\u00e5 stannar hon spontant. Hon \u00e4r dessutom duktig p\u00e5 att finna f\u00e5gel.<br \/>Hon har h\u00e4r m\u00e5nga likheter med sin mormor Aska \u2764\ufe0f<br \/>Kassie \u00e4r alltid enkel att ha med sig, \u00e4ven om hon \u00e4r l\u00f6s s\u00e5 g\u00e5r hon ingenstans, hon h\u00e5ller koll p\u00e5 var jag\/vi \u00e4r. \ud83d\ude0a<\/p>\n\n\n\n<p>Hennes nackdel \u00e4r nog att hon kan vara lite k\u00e4nslig f\u00f6r vilket hum\u00f6r man \u00e4r p\u00e5, \u00e4r man p\u00e5 d\u00e5ligt hum\u00f6r s\u00e5 h\u00e5ller hon sig n\u00e4ra.<\/p>\n\n\n\n<p>Hon \u00e4lskar att vara n\u00e4ra och att ligga i kn\u00e4t p\u00e5 kv\u00e4llarna, en riktig myshund \u2764\ufe0f<\/p>\n<\/div><\/div>\n\n\n\n\n\n<div class=\"wp-block-media-text alignwide has-media-on-the-right is-stacked-on-mobile\"><div class=\"wp-block-media-text__content\">\n<p class=\"has-white-background-color has-background wp-block-paragraph\">Hon var v\u00e4l inte direkt n\u00e5gon spontanapport\u00f6r som valp men nu apporterar hon i alla fall b\u00e5de rapph\u00f6na och fasan\ud83d\ude00Men som sagt det d\u00e4r med apportering och lydnad det \u00e4r ju en f\u00e4rskvara s\u00e5 det g\u00e4ller att inte sluta tr\u00e4na&#8230; Men som 2-\u00e5ring tycker hon det \u00e4r kul att apportera och g\u00e5r ofta omkring med n\u00e5got i munnen, hoppas nu att det h\u00e5ller i sig&#8230;<br \/>Att Kassie, liksom sin mor Hexa \u00e4lskar vatten g\u00f6r att just vattenmomentet beh\u00f6ver vi inte tr\u00e4na s\u00e5 mycket p\u00e5 \ud83d\ude02<\/p>\n<\/div><figure class=\"wp-block-media-text__media\"><a href=\"https:\/\/almkullens.se\/wp-content\/uploads\/2024\/03\/235.jpg\" rel=\"lightbox[11317]\"><img loading=\"lazy\" decoding=\"async\" width=\"1024\" height=\"768\" src=\"https:\/\/almkullens.se\/wp-content\/uploads\/2024\/03\/235-1024x768.jpg\" alt=\"\" class=\"wp-image-12505 size-full\" srcset=\"https:\/\/almkullens.se\/wp-content\/uploads\/2024\/03\/235-1024x768.jpg 1024w, https:\/\/almkullens.se\/wp-content\/uploads\/2024\/03\/235-300x225.jpg 300w, https:\/\/almkullens.se\/wp-content\/uploads\/2024\/03\/235-768x576.jpg 768w, https:\/\/almkullens.se\/wp-content\/uploads\/2024\/03\/235-1536x1152.jpg 1536w, https:\/\/almkullens.se\/wp-content\/uploads\/2024\/03\/235.jpg 1600w\" sizes=\"auto, (max-width: 1024px) 100vw, 1024px\" \/><\/a><\/figure><\/div>\n\n\n\n<figure class=\"wp-block-image alignwide size-full\"><img loading=\"lazy\" decoding=\"async\" width=\"869\" height=\"630\" src=\"https:\/\/almkullens.se\/wp-content\/uploads\/2022\/01\/K-kull.jpg\" alt=\"\" class=\"wp-image-11230\" srcset=\"https:\/\/almkullens.se\/wp-content\/uploads\/2022\/01\/K-kull.jpg 869w, https:\/\/almkullens.se\/wp-content\/uploads\/2022\/01\/K-kull-300x217.jpg 300w, https:\/\/almkullens.se\/wp-content\/uploads\/2022\/01\/K-kull-768x557.jpg 768w\" sizes=\"auto, (max-width: 869px) 100vw, 869px\" \/><\/figure>\n","protected":false},"excerpt":{"rendered":"<p>Almkullens Kassie SE71955\/2021Far:\u00a0Stor-T\u00e5ngens JackMor:\u00a0Almkullens HexaF\u00f6dd:\u00a019\/12 2021HD:\u00a0BF\u00e4rg:\u00a0Vit &amp; Orange skimmelSvans:\u00a0avsaknad av svansMankh\u00f6jd: ca 49,5\u00a0Jaktprov: F\u00e4lt 2023: \u00a0 1 HP UklFj\u00e4ll 2024: 2 pris \u00d6klF\u00e4lt 2024: 2 pris \u00d6kl\u00a0 \u00a0 \u00a0 \u00a0 \u00a0 \u00a0 \u00a0 \u00a0 \u00a0 \u00a0 \u00a01 pris \u00d6kl\u00a0 \u00a0 \u00a0 \u00a0 \u00a0\u00a0 \u00a0\u00a0 \u00a0 \u00a0 \u00a0 \u00a03 pris EklF\u00e4lt 2025: \u00a01 pris Ekl \u00a0 [&hellip;]<\/p>\n","protected":false},"author":1,"featured_media":0,"parent":0,"menu_order":0,"comment_status":"closed","ping_status":"closed","template":"","meta":{"_crdt_document":"","advgb_blocks_editor_width":"","advgb_blocks_columns_visual_guide":"","footnotes":""},"class_list":["post-11317","page","type-page","status-publish","hentry","entry"],"coauthors":[],"author_meta":{"author_link":"https:\/\/almkullens.se\/?author=1","display_name":"Peter &amp; Johanna"},"relative_dates":{"created":"Publicerad 4 \u00e5r sedan","modified":"Uppdaterad 6 m\u00e5nader sedan"},"absolute_dates":{"created":"Publicerat den 26 maj, 2022","modified":"Uppdaterad den 15 november, 2025"},"absolute_dates_time":{"created":"Publicerat den 26 maj, 2022 11:37","modified":"Uppdaterad den 15 november, 2025 09:59"},"featured_img_caption":"","featured_img":false,"series_order":"","jetpack_sharing_enabled":true,"_links":{"self":[{"href":"https:\/\/almkullens.se\/index.php?rest_route=\/wp\/v2\/pages\/11317","targetHints":{"allow":["GET"]}}],"collection":[{"href":"https:\/\/almkullens.se\/index.php?rest_route=\/wp\/v2\/pages"}],"about":[{"href":"https:\/\/almkullens.se\/index.php?rest_route=\/wp\/v2\/types\/page"}],"author":[{"embeddable":true,"href":"https:\/\/almkullens.se\/index.php?rest_route=\/wp\/v2\/users\/1"}],"replies":[{"embeddable":true,"href":"https:\/\/almkullens.se\/index.php?rest_route=%2Fwp%2Fv2%2Fcomments&post=11317"}],"version-history":[{"count":23,"href":"https:\/\/almkullens.se\/index.php?rest_route=\/wp\/v2\/pages\/11317\/revisions"}],"predecessor-version":[{"id":12979,"href":"https:\/\/almkullens.se\/index.php?rest_route=\/wp\/v2\/pages\/11317\/revisions\/12979"}],"wp:attachment":[{"href":"https:\/\/almkullens.se\/index.php?rest_route=%2Fwp%2Fv2%2Fmedia&parent=11317"}],"curies":[{"name":"wp","href":"https:\/\/api.w.org\/{rel}","templated":true}]}}