{"id":10612,"date":"2021-06-06T12:51:15","date_gmt":"2021-06-06T10:51:15","guid":{"rendered":"http:\/\/almkullens.se\/?page_id=10612"},"modified":"2026-01-24T12:46:31","modified_gmt":"2026-01-24T11:46:31","slug":"almkullens-j-kull","status":"publish","type":"page","link":"https:\/\/almkullens.se\/?page_id=10612","title":{"rendered":"Almkullens J-kull"},"content":{"rendered":"\n\n\n<div class=\"wp-block-columns is-layout-flex wp-container-core-columns-is-layout-8f761849 wp-block-columns-is-layout-flex\">\n<div class=\"wp-block-column is-layout-flow wp-block-column-is-layout-flow\">\n<figure class=\"wp-block-image size-large is-style-default\"><img loading=\"lazy\" decoding=\"async\" width=\"1024\" height=\"820\" src=\"https:\/\/almkullens.se\/wp-content\/uploads\/2021\/04\/20210404_092050-1024x820.jpg\" alt=\"\" class=\"wp-image-10557\" srcset=\"https:\/\/almkullens.se\/wp-content\/uploads\/2021\/04\/20210404_092050-1024x820.jpg 1024w, https:\/\/almkullens.se\/wp-content\/uploads\/2021\/04\/20210404_092050-300x240.jpg 300w, https:\/\/almkullens.se\/wp-content\/uploads\/2021\/04\/20210404_092050-768x615.jpg 768w, https:\/\/almkullens.se\/wp-content\/uploads\/2021\/04\/20210404_092050-1536x1231.jpg 1536w, https:\/\/almkullens.se\/wp-content\/uploads\/2021\/04\/20210404_092050.jpg 1800w\" sizes=\"auto, (max-width: 1024px) 100vw, 1024px\" \/><\/figure>\n<\/div>\n\n\n\n<div class=\"wp-block-column is-layout-flow wp-block-column-is-layout-flow\">\n<figure class=\"wp-block-image size-large is-style-default\"><img loading=\"lazy\" decoding=\"async\" width=\"1024\" height=\"768\" src=\"https:\/\/almkullens.se\/wp-content\/uploads\/2016\/06\/784-1024x768.jpg\" alt=\"\" class=\"wp-image-6999\" srcset=\"https:\/\/almkullens.se\/wp-content\/uploads\/2016\/06\/784-1024x768.jpg 1024w, https:\/\/almkullens.se\/wp-content\/uploads\/2016\/06\/784-300x225.jpg 300w, https:\/\/almkullens.se\/wp-content\/uploads\/2016\/06\/784-768x576.jpg 768w, https:\/\/almkullens.se\/wp-content\/uploads\/2016\/06\/784.jpg 1800w\" sizes=\"auto, (max-width: 1024px) 100vw, 1024px\" \/><\/figure>\n<\/div>\n<\/div>\n\n\n\n<div class=\"wp-block-columns is-layout-flex wp-container-core-columns-is-layout-8f761849 wp-block-columns-is-layout-flex\">\n<div class=\"wp-block-column has-white-background-color has-background is-layout-flow wp-block-column-is-layout-flow\">\n<p class=\"wp-block-paragraph\"><span style=\"background-color: #ffffff;\"><span style=\"font-size: 20px;\"><strong>Almkullens Gideon<\/strong><\/span><br \/>SE18515\/2016<\/span><br \/><span style=\"background-color: #ffffff;\">HD: A<\/span><br \/><span style=\"background-color: #ffffff;\">HQ: 1,0<\/span><br \/><span style=\"background-color: #ffffff;\">Vit\/svart<\/span><br \/><span style=\"background-color: #ffffff;\">skimmel<\/span><br \/><span style=\"background-color: #ffffff;\">svans<\/span><br \/><span style=\"background-color: #ffffff;\">Mankh\u00f6jd: 50 cm<\/span><br \/><span style=\"background-color: #ffffff;\">Jaktprov:<\/span><br \/><span style=\"background-color: #ffffff;\">F\u00e4lt:&nbsp;1 Ukl<\/span><br \/><span style=\"background-color: #ffffff;\">&nbsp; &nbsp; &nbsp; &nbsp; &nbsp;1 Ukl<\/span><br \/><span style=\"background-color: #ffffff;\">Utst\u00e4llning:<\/span><br \/><span style=\"background-color: #ffffff;\">Junkl: Very Good<\/span><br \/><span style=\"background-color: #ffffff;\">Jaktkl: Excellent CERT BIR CACIB<\/span><\/p>\n<\/div>\n\n\n\n<div class=\"wp-block-column has-white-background-color has-background is-layout-flow wp-block-column-is-layout-flow\">\n<p style=\"padding-left: 40px;\"><span style=\"font-size: 20px;\"><strong><span style=\"background-color: #ffffff;\">Almkullens Fia<br \/><\/span><\/strong><\/span><span style=\"background-color: #ffffff;\">SE29341\/2015<\/span><br \/><span style=\"background-color: #ffffff;\">HD: B<\/span><br \/><span style=\"background-color: #ffffff;\">HQ: 0,98<\/span><br \/><span style=\"background-color: #ffffff;\">Vit &amp; Orange<\/span><br \/><span style=\"background-color: #ffffff;\">Mankh\u00f6jd: 48,5 cm<\/span><br \/><span style=\"background-color: #ffffff;\">Tik med svans<\/span><br \/><span style=\"background-color: #ffffff;\">Jaktprov:<\/span><br \/><span style=\"background-color: #ffffff;\">F\u00e4lt:&nbsp; 5\u00d71 Ukl&nbsp; En med HP och 1 i Danmark<\/span><br \/><span style=\"background-color: #ffffff;\">&nbsp; &nbsp; &nbsp; &nbsp; &nbsp; &nbsp;2 Ukl<\/span><br \/><span style=\"background-color: #ffffff;\">&nbsp; &nbsp; &nbsp; &nbsp; &nbsp; &nbsp;1 \u00d6kl<\/span><br \/><span style=\"background-color: #ffffff;\">Fj\u00e4ll: 2 Ekl<\/span><br \/><span style=\"background-color: #ffffff;\">F\u00e4lt:&nbsp; 2 Ekl<\/span><br \/><span style=\"background-color: #ffffff;\">&nbsp; &nbsp; &nbsp; &nbsp; &nbsp; &nbsp;3 Ekl<\/span><br \/><span style=\"background-color: #ffffff;\">&nbsp; &nbsp; &nbsp; &nbsp; &nbsp; &nbsp;1 Ekl<br \/>&nbsp; &nbsp; &nbsp; &nbsp; &nbsp; &nbsp;1 Ekl RCACIT<br \/><\/span><span style=\"background-color: #ffffff;\">&nbsp; &nbsp; &nbsp; &nbsp; &nbsp; &nbsp;<\/span>2 Ekl<br \/><span style=\"background-color: #ffffff;\">\u00c5rets Breton Unghund \u2013 2016<\/span><br \/><span style=\"background-color: #ffffff;\">Efters\u00f6ksprov: Ukl vatten: 10 po\u00e4ng<\/span><br \/><span style=\"background-color: #ffffff;\">Utst\u00e4llning: SE UCH<\/span><br \/><span style=\"background-color: #ffffff;\">Valpkl 4-6 m\u00e5n: 1 HP BIS&nbsp;valp 2<\/span><br \/><span style=\"background-color: #ffffff;\">Jaktkl: Excellent 3xcert Bir Bis 3<\/span><\/p>\n<\/div>\n<\/div>\n\n\n\n<p style=\"text-align: center;\"><em><span style=\"background-color: #ffffff;\">Valparna \u00e4r f\u00f6dda den 5\/6 2021<\/span><\/em><\/p>\n\n\n\n<hr class=\"wp-block-separator has-css-opacity is-style-wide\"\/>\n\n\n\n<div class=\"wp-block-columns is-layout-flex wp-container-core-columns-is-layout-8f761849 wp-block-columns-is-layout-flex\">\n<div class=\"wp-block-column is-layout-flow wp-block-column-is-layout-flow\">\n<figure class=\"wp-block-image size-large is-style-default\"><a href=\"https:\/\/almkullens.se\/wp-content\/uploads\/2022\/06\/013.jpg\" rel=\"lightbox[10612]\"><img loading=\"lazy\" decoding=\"async\" width=\"1024\" height=\"768\" src=\"https:\/\/almkullens.se\/wp-content\/uploads\/2022\/06\/013-1024x768.jpg\" alt=\"\" class=\"wp-image-11481\" srcset=\"https:\/\/almkullens.se\/wp-content\/uploads\/2022\/06\/013-1024x768.jpg 1024w, https:\/\/almkullens.se\/wp-content\/uploads\/2022\/06\/013-300x225.jpg 300w, https:\/\/almkullens.se\/wp-content\/uploads\/2022\/06\/013-768x576.jpg 768w, https:\/\/almkullens.se\/wp-content\/uploads\/2022\/06\/013-1536x1152.jpg 1536w, https:\/\/almkullens.se\/wp-content\/uploads\/2022\/06\/013.jpg 1600w\" sizes=\"auto, (max-width: 1024px) 100vw, 1024px\" \/><\/a><\/figure>\n\n\n\n<p class=\"has-white-background-color has-background wp-block-paragraph\">Joy har flyttat till H\u00e5kan och Katarina Lind i H\u00e4rn\u00f6sand<br \/>Galleri: <a href=\"https:\/\/almkullens.se\/?page_id=10787\">Almkullens Joy<\/a><\/p>\n\n\n<\/div>\n\n\n\n<div class=\"wp-block-column has-white-background-color has-background is-layout-flow wp-block-column-is-layout-flow\">\n<p class=\"wp-block-paragraph\"><span style=\"background-color: #ffffff;\"><span style=\"font-size: 20px;\"><strong>Almkullens Joy<br \/><\/strong><span style=\"font-size: 16px;\">SE47936\/2021<\/span><\/span><\/span><br \/><strong>K\u00f6n:<\/strong> Tik<br \/><strong>F\u00e4rg:<\/strong>\u00a0Tricolor skimmel<br \/><strong>Svans:<\/strong>\u00a0L\u00e5ng svans<br \/><strong>Mankh\u00f6jd:<\/strong>\u00a0ca 47,5 cm<br \/><strong>HD:<\/strong>\u00a0B<br \/><strong>\u00d6gon:<\/strong> Utan anm\u00e4rkning<br \/><strong>Jaktprov:<\/strong><br \/>Fj\u00e4ll 2023: 2 pris Ukl<br \/>Fj\u00e4ll 2024: 2 pris \u00d6kl<br \/>2 pris \u00d6kl<br \/>2 pris \u00d6kl<br \/>2 pris \u00d6kl<br \/>1 pris \u00d6kl<br \/>F\u00e4lt 2024: 2 Ekl<br \/><strong>Utst\u00e4llning:<\/strong><br \/>Jaktklass: Excellent CERT BIR<\/p>\n\n\n<\/div>\n<\/div>\n\n\n\n<hr class=\"wp-block-separator has-css-opacity is-style-wide\"\/>\n\n\n\n<div class=\"wp-block-columns is-layout-flex wp-container-core-columns-is-layout-8f761849 wp-block-columns-is-layout-flex\">\n<div class=\"wp-block-column is-layout-flow wp-block-column-is-layout-flow\">\n<figure class=\"wp-block-image size-large is-style-default\"><a href=\"https:\/\/almkullens.se\/wp-content\/uploads\/2022\/06\/902.jpg\" rel=\"lightbox[10612]\"><img loading=\"lazy\" decoding=\"async\" width=\"1024\" height=\"768\" src=\"https:\/\/almkullens.se\/wp-content\/uploads\/2022\/06\/902-1024x768.jpg\" alt=\"\" class=\"wp-image-11545\" srcset=\"https:\/\/almkullens.se\/wp-content\/uploads\/2022\/06\/902-1024x768.jpg 1024w, https:\/\/almkullens.se\/wp-content\/uploads\/2022\/06\/902-300x225.jpg 300w, https:\/\/almkullens.se\/wp-content\/uploads\/2022\/06\/902-768x576.jpg 768w, https:\/\/almkullens.se\/wp-content\/uploads\/2022\/06\/902-1536x1152.jpg 1536w, https:\/\/almkullens.se\/wp-content\/uploads\/2022\/06\/902.jpg 1600w\" sizes=\"auto, (max-width: 1024px) 100vw, 1024px\" \/><\/a><\/figure>\n\n\n\n<p class=\"has-white-background-color has-background wp-block-paragraph\">J\u00f6rdis har flyttat till Peter och Eva Johansson i Ume\u00e5<br \/>Galleri: <a href=\"https:\/\/almkullens.se\/?page_id=10824\">Almkullens J\u00f6rdis<\/a><\/p>\n<\/div>\n\n\n\n<div class=\"wp-block-column has-white-background-color has-background is-layout-flow wp-block-column-is-layout-flow\">\n<p class=\"wp-block-paragraph\"><span style=\"font-size: 20px;\"><strong><span style=\"background-color: #ffffff;\">Almkullens J\u00f6rdis<\/span><\/strong><span style=\"background-color: #ffffff;\"><br \/><span style=\"font-size: 16px;\">SE47938\/2021<\/span><\/span><\/span><br \/><strong>K\u00f6n:<\/strong> Tik<br \/><strong>F\u00e4rg:<\/strong>&nbsp;Vit\/ Orange skimmel<br \/><strong>Svans:<\/strong>&nbsp;L\u00e5ng svans<br \/><strong>Mankh\u00f6jd:<\/strong>&nbsp;50 cm<br \/><strong>HD:<\/strong>&nbsp;C<br \/><strong>Utst\u00e4llning:<\/strong><br \/>2022: Junkl. Very Good<\/p>\n<\/div>\n<\/div>\n\n\n\n<hr class=\"wp-block-separator has-css-opacity is-style-wide\"\/>\n\n\n\n<div class=\"wp-block-columns is-layout-flex wp-container-core-columns-is-layout-8f761849 wp-block-columns-is-layout-flex\">\n<div class=\"wp-block-column is-layout-flow wp-block-column-is-layout-flow\">\n<figure class=\"wp-block-image size-large is-style-default advgb-dyn-209e45a3\"><a href=\"https:\/\/almkullens.se\/wp-content\/uploads\/2022\/06\/076.jpg\" rel=\"lightbox[10612]\"><img loading=\"lazy\" decoding=\"async\" width=\"1024\" height=\"768\" src=\"https:\/\/almkullens.se\/wp-content\/uploads\/2022\/06\/076-1024x768.jpg\" alt=\"\" class=\"wp-image-11460\" srcset=\"https:\/\/almkullens.se\/wp-content\/uploads\/2022\/06\/076-1024x768.jpg 1024w, https:\/\/almkullens.se\/wp-content\/uploads\/2022\/06\/076-300x225.jpg 300w, https:\/\/almkullens.se\/wp-content\/uploads\/2022\/06\/076-768x576.jpg 768w, https:\/\/almkullens.se\/wp-content\/uploads\/2022\/06\/076-1536x1152.jpg 1536w, https:\/\/almkullens.se\/wp-content\/uploads\/2022\/06\/076.jpg 1600w\" sizes=\"auto, (max-width: 1024px) 100vw, 1024px\" \/><\/a><figcaption class=\"wp-element-caption\">Jessie<\/figcaption><\/figure>\n\n\n\n<p class=\"wp-block-paragraph\"><\/p>\n\n\n\n<p class=\"has-white-background-color has-background wp-block-paragraph\"><span style=\"background-color: #ffffff;\">Jessie har flyttat till Michael Holmgren i Enk\u00f6ping<br \/>Galleri: <a href=\"https:\/\/almkullens.se\/?page_id=10841\">Almkullens Jessie<\/a><\/span><\/p>\n<\/div>\n\n\n\n<div class=\"wp-block-column has-white-background-color has-background is-layout-flow wp-block-column-is-layout-flow\">\n<p class=\"wp-block-paragraph\"><strong><span style=\"background-color: #ffffff; font-size: 20px;\">Almkullens Jessie<br \/><\/span><\/strong><span style=\"background-color: #ffffff; font-size: 16px;\">SE47939\/2021<\/span><br \/><strong>K\u00f6n:<\/strong> Tik<br \/><strong>F\u00e4rg:<\/strong>&nbsp;Vit\/ Svart skimmel<br \/><strong>Svans:<\/strong>&nbsp;L\u00e5ng svans<br \/><strong>Mankh\u00f6jd:<\/strong>&nbsp;<br \/><strong>HD:<\/strong>&nbsp;A<br \/><strong>Jaktprov:&nbsp;<\/strong><br \/>F\u00e4lt 2022: 2 pris Ukl<br \/>&nbsp;  &nbsp; &nbsp; &nbsp;  &nbsp; &nbsp; &nbsp; &nbsp;  &nbsp; &nbsp; 2 pris Ukl<br \/>&nbsp; &nbsp; &nbsp;  &nbsp; &nbsp; &nbsp;  &nbsp; &nbsp;&nbsp; &nbsp; &nbsp;2 pris Ukl<br \/><strong>Utst\u00e4llning: <\/strong><br \/>2023: B\/J kl. Very Good<\/p>\n\n\n<\/div>\n<\/div>\n\n\n\n<hr class=\"wp-block-separator has-css-opacity is-style-wide\"\/>\n\n\n\n<div class=\"wp-block-columns is-layout-flex wp-container-core-columns-is-layout-8f761849 wp-block-columns-is-layout-flex\">\n<div class=\"wp-block-column is-layout-flow wp-block-column-is-layout-flow\">\n<figure class=\"wp-block-image size-large is-style-default advgb-dyn-2cb78ef2\"><a href=\"https:\/\/almkullens.se\/wp-content\/uploads\/2022\/09\/Jager.jpg\" rel=\"lightbox[10612]\"><img loading=\"lazy\" decoding=\"async\" width=\"1280\" height=\"1280\" src=\"https:\/\/almkullens.se\/wp-content\/uploads\/2022\/09\/Jager-edited.jpg\" alt=\"\" class=\"wp-image-11799\" srcset=\"https:\/\/almkullens.se\/wp-content\/uploads\/2022\/09\/Jager-edited.jpg 1280w, https:\/\/almkullens.se\/wp-content\/uploads\/2022\/09\/Jager-edited-300x300.jpg 300w, https:\/\/almkullens.se\/wp-content\/uploads\/2022\/09\/Jager-edited-1024x1024.jpg 1024w, https:\/\/almkullens.se\/wp-content\/uploads\/2022\/09\/Jager-edited-150x150.jpg 150w, https:\/\/almkullens.se\/wp-content\/uploads\/2022\/09\/Jager-edited-768x768.jpg 768w, https:\/\/almkullens.se\/wp-content\/uploads\/2022\/09\/Jager-edited-600x600.jpg 600w\" sizes=\"auto, (max-width: 1280px) 100vw, 1280px\" \/><\/a><figcaption class=\"wp-element-caption\">J\u00e4ger<\/figcaption><\/figure>\n\n\n\n<p class=\"has-white-background-color has-background wp-block-paragraph\"><span style=\"background-color: #ffffff;\">J\u00e4ger har flyttat till Sangita och Micke Jonsson i Sundsvall<br \/>Galleri: <a href=\"https:\/\/almkullens.se\/?page_id=10852\">Almkullens J\u00e4ger<\/a><\/span><\/p>\n<\/div>\n\n\n\n<div class=\"wp-block-column has-white-background-color has-background is-layout-flow wp-block-column-is-layout-flow\">\n<p class=\"wp-block-paragraph\"><span style=\"font-size: 20px;\"><strong><span style=\"background-color: #ffffff;\">Almkullens J\u00e4ger<br \/><\/span><\/strong><\/span>SE47940\/2021<br \/><strong>K\u00f6n:<\/strong> Hane<br \/><strong>F\u00e4rg:<\/strong> <span style=\"background-color: #ffffff;\">Tricolor<\/span> skimmel<br \/><strong>Svans:<\/strong> L\u00e5ng svans<br \/><strong>HD:<\/strong> A<br \/><strong>HQ:<\/strong> 1,01<br \/><strong>Jaktprov:&nbsp;<\/strong><br \/>F\u00e4lt 2022: 2 pris Ukl<\/p>\n\n\n<\/div>\n<\/div>\n\n\n\n<hr class=\"wp-block-separator has-css-opacity is-style-wide\"\/>\n\n\n\n<div class=\"wp-block-columns is-layout-flex wp-container-core-columns-is-layout-8f761849 wp-block-columns-is-layout-flex\">\n<div class=\"wp-block-column is-layout-flow wp-block-column-is-layout-flow\">\n<figure class=\"wp-block-image size-large is-style-default advgb-dyn-7519142e\"><a href=\"https:\/\/almkullens.se\/wp-content\/uploads\/2022\/06\/1338.jpg\" rel=\"lightbox[10612]\"><img loading=\"lazy\" decoding=\"async\" width=\"1024\" height=\"768\" src=\"https:\/\/almkullens.se\/wp-content\/uploads\/2022\/06\/1338-1024x768.jpg\" alt=\"\" class=\"wp-image-11515\" srcset=\"https:\/\/almkullens.se\/wp-content\/uploads\/2022\/06\/1338-1024x768.jpg 1024w, https:\/\/almkullens.se\/wp-content\/uploads\/2022\/06\/1338-300x225.jpg 300w, https:\/\/almkullens.se\/wp-content\/uploads\/2022\/06\/1338-768x576.jpg 768w, https:\/\/almkullens.se\/wp-content\/uploads\/2022\/06\/1338-1536x1152.jpg 1536w, https:\/\/almkullens.se\/wp-content\/uploads\/2022\/06\/1338.jpg 1600w\" sizes=\"auto, (max-width: 1024px) 100vw, 1024px\" \/><\/a><figcaption class=\"wp-element-caption\">Jaxon<\/figcaption><\/figure>\n\n\n\n<p class=\"has-white-background-color has-background wp-block-paragraph\"><span style=\"background-color: #ffffff;\">Jaxon har flyttat till Johan Nilsson och Tanja Mori i J\u00f6nk\u00f6ping<br \/>Galleri: <a href=\"https:\/\/almkullens.se\/?page_id=10866\">Almkullens Jaxon<\/a><\/span><\/p>\n<\/div>\n\n\n\n<div class=\"wp-block-column has-white-background-color has-background is-layout-flow wp-block-column-is-layout-flow\">\n<p class=\"wp-block-paragraph\"><span style=\"font-size: 20px;\"><strong><span style=\"background-color: #ffffff;\">Almkullens Jaxon<br \/><\/span><\/strong><span style=\"background-color: #ffffff; font-size: 16px;\">SE47942\/2021<\/span><\/span><br \/><strong>K\u00f6n:<\/strong> Hane<br \/><strong>F\u00e4rg:<\/strong>&nbsp;Vit\/ Svart skimmel<br \/><strong>Svans:<\/strong>&nbsp;L\u00e5ng svans<br \/><strong>Mankh\u00f6jd:<\/strong>&nbsp;50 cm<br \/><strong>HD:<\/strong>&nbsp;A<br \/><strong>Utst\u00e4llning:<\/strong><br \/>2022: Junkl. Very Good<\/p>\n<\/div>\n<\/div>\n\n\n\n<hr class=\"wp-block-separator has-css-opacity is-style-wide\"\/>\n\n\n\n<div class=\"wp-block-columns is-layout-flex wp-container-core-columns-is-layout-8f761849 wp-block-columns-is-layout-flex\">\n<div class=\"wp-block-column is-layout-flow wp-block-column-is-layout-flow\">\n<figure class=\"wp-block-image size-large is-style-default advgb-dyn-871bff60\"><a href=\"https:\/\/almkullens.se\/wp-content\/uploads\/2022\/06\/094.jpg\" rel=\"lightbox[10612]\"><img loading=\"lazy\" decoding=\"async\" width=\"1024\" height=\"768\" src=\"https:\/\/almkullens.se\/wp-content\/uploads\/2022\/06\/094-1024x768.jpg\" alt=\"\" class=\"wp-image-11524\" srcset=\"https:\/\/almkullens.se\/wp-content\/uploads\/2022\/06\/094-1024x768.jpg 1024w, https:\/\/almkullens.se\/wp-content\/uploads\/2022\/06\/094-300x225.jpg 300w, https:\/\/almkullens.se\/wp-content\/uploads\/2022\/06\/094-768x576.jpg 768w, https:\/\/almkullens.se\/wp-content\/uploads\/2022\/06\/094-1536x1152.jpg 1536w, https:\/\/almkullens.se\/wp-content\/uploads\/2022\/06\/094.jpg 1600w\" sizes=\"auto, (max-width: 1024px) 100vw, 1024px\" \/><\/a><figcaption class=\"wp-element-caption\">Joker<\/figcaption><\/figure>\n\n\n\n<p class=\"has-white-background-color has-background wp-block-paragraph\"><span style=\"background-color: #ffffff;\">Joker har flyttat till Janne Berntsson p\u00e5 Orust<br \/>Galleri: <a href=\"https:\/\/almkullens.se\/?page_id=10884\">Almkullens Joker<\/a><\/span><\/p>\n<\/div>\n\n\n\n<div class=\"wp-block-column has-white-background-color has-background is-layout-flow wp-block-column-is-layout-flow\">\n<p class=\"wp-block-paragraph\"><span style=\"font-size: 20px;\"><strong><span style=\"background-color: #ffffff;\">Almkullens Joker<br \/><\/span><\/strong><span style=\"background-color: #ffffff; font-size: 16px;\">SE47941\/2021<\/span><\/span><br \/><strong>K\u00f6n:<\/strong> Hane<br \/><strong>F\u00e4rg:<\/strong>&nbsp;Vit\/ Svart skimmel<br \/><strong>Svans:<\/strong>&nbsp;L\u00e5ng svans<br \/><strong>Mankh\u00f6jd:<\/strong>&nbsp;<br \/><strong>HD:<\/strong>&nbsp;B<br \/><strong>Utst\u00e4llning: <\/strong>Very good<\/p>\n<\/div>\n<\/div>\n\n\n\n<hr class=\"wp-block-separator has-css-opacity is-style-wide\"\/>\n\n\n\n<div class=\"wp-block-columns is-layout-flex wp-container-core-columns-is-layout-8f761849 wp-block-columns-is-layout-flex\">\n<div class=\"wp-block-column is-layout-flow wp-block-column-is-layout-flow\">\n<figure class=\"wp-block-image size-large is-style-default advgb-dyn-459b87ae\"><a href=\"https:\/\/almkullens.se\/wp-content\/uploads\/2021\/10\/526.jpg\" rel=\"lightbox[10612]\"><img loading=\"lazy\" decoding=\"async\" width=\"1024\" height=\"1024\" src=\"https:\/\/almkullens.se\/wp-content\/uploads\/2021\/10\/526-1024x1024.jpg\" alt=\"\" class=\"wp-image-11017\" srcset=\"https:\/\/almkullens.se\/wp-content\/uploads\/2021\/10\/526-1024x1024.jpg 1024w, https:\/\/almkullens.se\/wp-content\/uploads\/2021\/10\/526-300x300.jpg 300w, https:\/\/almkullens.se\/wp-content\/uploads\/2021\/10\/526-150x150.jpg 150w, https:\/\/almkullens.se\/wp-content\/uploads\/2021\/10\/526-768x768.jpg 768w, https:\/\/almkullens.se\/wp-content\/uploads\/2021\/10\/526-1536x1536.jpg 1536w, https:\/\/almkullens.se\/wp-content\/uploads\/2021\/10\/526.jpg 1800w\" sizes=\"auto, (max-width: 1024px) 100vw, 1024px\" \/><\/a><figcaption class=\"wp-element-caption\">Juni<\/figcaption><\/figure>\n\n\n\n<p class=\"has-white-background-color has-background wp-block-paragraph\">Juni \u00e4r tyv\u00e4rr d\u00f6d.<br \/>Galleri: <a href=\"https:\/\/almkullens.se\/?page_id=10810\">Almkullens Juni<\/a><\/p>\n<\/div>\n\n\n\n<div class=\"wp-block-column has-white-background-color has-background is-layout-flow wp-block-column-is-layout-flow\">\n<p class=\"wp-block-paragraph\" style=\"font-size:17px\"><strong><span style=\"font-size: 20px;\"><strong><span style=\"background-color: #ffffff;\">Almkullens Juni<\/span><\/strong><\/span><br \/><\/strong>SE47937\/2021<br \/><strong>K\u00f6n:<\/strong> Tik<br \/><strong>F\u00e4rg:<\/strong>&nbsp;Tricolor skimmel<br \/><strong>Svans:<\/strong>&nbsp;L\u00e5ng svans<\/p>\n<\/div>\n<\/div>\n\n\n\n<hr class=\"wp-block-separator has-css-opacity is-style-wide\"\/>\n\n\n\n<p class=\"wp-block-paragraph\"><span style=\"background-color: #ffffff;\">J-kullens stamtavla<\/span><\/p>\n\n\n\n<figure class=\"wp-block-image size-large is-style-default\"><a href=\"https:\/\/almkullens.se\/wp-content\/uploads\/2021\/03\/J-kull.jpg\" rel=\"lightbox[10612]\"><img loading=\"lazy\" decoding=\"async\" width=\"899\" height=\"633\" src=\"https:\/\/almkullens.se\/wp-content\/uploads\/2021\/03\/J-kull.jpg\" alt=\"\" class=\"wp-image-10540\" srcset=\"https:\/\/almkullens.se\/wp-content\/uploads\/2021\/03\/J-kull.jpg 899w, https:\/\/almkullens.se\/wp-content\/uploads\/2021\/03\/J-kull-300x211.jpg 300w, https:\/\/almkullens.se\/wp-content\/uploads\/2021\/03\/J-kull-768x541.jpg 768w\" sizes=\"auto, (max-width: 899px) 100vw, 899px\" \/><\/a><\/figure>\n","protected":false},"excerpt":{"rendered":"<p>Almkullens GideonSE18515\/2016HD: AHQ: 1,0Vit\/svartskimmelsvansMankh\u00f6jd: 50 cmJaktprov:F\u00e4lt:&nbsp;1 Ukl&nbsp; &nbsp; &nbsp; &nbsp; &nbsp;1 UklUtst\u00e4llning:Junkl: Very GoodJaktkl: Excellent CERT BIR CACIB Almkullens FiaSE29341\/2015HD: BHQ: 0,98Vit &amp; OrangeMankh\u00f6jd: 48,5 cmTik med svansJaktprov:F\u00e4lt:&nbsp; 5\u00d71 Ukl&nbsp; En med HP och 1 i Danmark&nbsp; &nbsp; &nbsp; &nbsp; &nbsp; &nbsp;2 Ukl&nbsp; &nbsp; &nbsp; &nbsp; &nbsp; &nbsp;1 \u00d6klFj\u00e4ll: 2 EklF\u00e4lt:&nbsp; 2 Ekl&nbsp; &nbsp; &nbsp; [&hellip;]<\/p>\n","protected":false},"author":1,"featured_media":0,"parent":0,"menu_order":0,"comment_status":"closed","ping_status":"closed","template":"","meta":{"_crdt_document":"","advgb_blocks_editor_width":"","advgb_blocks_columns_visual_guide":"","footnotes":""},"class_list":["post-10612","page","type-page","status-publish","hentry","entry"],"coauthors":[],"author_meta":{"author_link":"https:\/\/almkullens.se\/?author=1","display_name":"Peter &amp; Johanna"},"relative_dates":{"created":"Publicerad 5 \u00e5r sedan","modified":"Uppdaterad 3 m\u00e5nader sedan"},"absolute_dates":{"created":"Publicerat den 6 juni, 2021","modified":"Uppdaterad den 24 januari, 2026"},"absolute_dates_time":{"created":"Publicerat den 6 juni, 2021 12:51","modified":"Uppdaterad den 24 januari, 2026 12:46"},"featured_img_caption":"","featured_img":false,"series_order":"","jetpack_sharing_enabled":true,"_links":{"self":[{"href":"https:\/\/almkullens.se\/index.php?rest_route=\/wp\/v2\/pages\/10612","targetHints":{"allow":["GET"]}}],"collection":[{"href":"https:\/\/almkullens.se\/index.php?rest_route=\/wp\/v2\/pages"}],"about":[{"href":"https:\/\/almkullens.se\/index.php?rest_route=\/wp\/v2\/types\/page"}],"author":[{"embeddable":true,"href":"https:\/\/almkullens.se\/index.php?rest_route=\/wp\/v2\/users\/1"}],"replies":[{"embeddable":true,"href":"https:\/\/almkullens.se\/index.php?rest_route=%2Fwp%2Fv2%2Fcomments&post=10612"}],"version-history":[{"count":45,"href":"https:\/\/almkullens.se\/index.php?rest_route=\/wp\/v2\/pages\/10612\/revisions"}],"predecessor-version":[{"id":13010,"href":"https:\/\/almkullens.se\/index.php?rest_route=\/wp\/v2\/pages\/10612\/revisions\/13010"}],"wp:attachment":[{"href":"https:\/\/almkullens.se\/index.php?rest_route=%2Fwp%2Fv2%2Fmedia&parent=10612"}],"curies":[{"name":"wp","href":"https:\/\/api.w.org\/{rel}","templated":true}]}}